{"id":602,"date":"2024-02-29T10:13:21","date_gmt":"2024-02-29T10:13:21","guid":{"rendered":"https:\/\/www.sudchasse.fr\/?page_id=602"},"modified":"2024-04-13T08:32:04","modified_gmt":"2024-04-13T08:32:04","slug":"contactos","status":"publish","type":"page","link":"https:\/\/www.sudchasse.fr\/es\/contactos","title":{"rendered":"Contactos"},"content":{"rendered":"<div class=\"wpb-content-wrapper\"><div data-vc-full-width=\"true\" data-vc-full-width-temp=\"true\" data-vc-full-width-init=\"false\" data-vc-stretch-content=\"true\" class=\"vc_row wpb_row vc_row-fluid tophead vc_custom_1710522775998 vc_row-o-content-middle vc_row-flex wd-rs-65f48190a4c8c\"><div class=\"wpb_column vc_column_container vc_col-sm-6 vc_col-has-fill wd-rs-65d7cd37e598d\"><div class=\"vc_column-inner vc_custom_1708641606358\"><div class=\"wpb_wrapper\"><div class=\"avt_masterslider_el \" >\n\t\t<!-- MasterSlider -->\n\t\t<div id=\"P_MS694404df1492e\" class=\"master-slider-parent ms-parent-id-4\" style=\"max-width:1000px;\" >\n\n\t\t\t\n\t\t\t<!-- MasterSlider Main -->\n\t\t\t<div id=\"MS694404df1492e\" class=\"master-slider ms-skin-default\" >\n\t\t\t\t \t\t\t\t \n\t\t\t<div  class=\"ms-slide\" data-delay=\"3\" data-fill-mode=\"fill\"   >\n\t\t\t\t\t<img decoding=\"async\" src=\"https:\/\/www.sudchasse.fr\/wp-content\/plugins\/masterslider\/public\/assets\/css\/blank.gif\" alt=\"\" title=\"IMG_3822\" data-src=\"https:\/\/www.sudchasse.fr\/wp-content\/uploads\/2025\/03\/IMG_3822.JPEG\" \/>\n\n\n\t\t\t\t<\/div>\n\t\t\t<div  class=\"ms-slide\" data-delay=\"3\" data-fill-mode=\"fill\"   >\n\t\t\t\t\t<img decoding=\"async\" src=\"https:\/\/www.sudchasse.fr\/wp-content\/plugins\/masterslider\/public\/assets\/css\/blank.gif\" alt=\"\" title=\"IMG_0186\" data-src=\"https:\/\/www.sudchasse.fr\/wp-content\/uploads\/2025\/12\/IMG_0186.JPEG\" \/>\n\n\n\t\t\t\t<\/div>\n\t\t\t<div  class=\"ms-slide\" data-delay=\"3\" data-fill-mode=\"fill\"   >\n\t\t\t\t\t<img decoding=\"async\" src=\"https:\/\/www.sudchasse.fr\/wp-content\/plugins\/masterslider\/public\/assets\/css\/blank.gif\" alt=\"Un chasseur gravissant un sentier de montagne au cr\u00e9puscule, avec un d\u00e9grad\u00e9 de couleurs de coucher de soleil peignant le ciel en arri\u00e8re-plan.\" title=\"\" data-src=\"https:\/\/www.sudchasse.fr\/wp-content\/uploads\/2024\/03\/IMG_2670-scaled.jpg\" \/>\n\n\n\t\t\t\t<\/div>\n\t\t\t<div  class=\"ms-slide\" data-delay=\"3\" data-fill-mode=\"fill\"   >\n\t\t\t\t\t<img decoding=\"async\" src=\"https:\/\/www.sudchasse.fr\/wp-content\/plugins\/masterslider\/public\/assets\/css\/blank.gif\" alt=\"Lac de montagne tranquille avec les reflets d&#039;imposantes collines et de pentes \u00e0 la v\u00e9g\u00e9tation clairsem\u00e9e sous un ciel partiellement nuageux.\" title=\"\" data-src=\"https:\/\/www.sudchasse.fr\/wp-content\/uploads\/2024\/02\/img_0708.jpg\" \/>\n\n\n\t\t\t\t<\/div>\n\t\t\t<div  class=\"ms-slide\" data-delay=\"3\" data-fill-mode=\"fill\"   >\n\t\t\t\t\t<img decoding=\"async\" src=\"https:\/\/www.sudchasse.fr\/wp-content\/plugins\/masterslider\/public\/assets\/css\/blank.gif\" alt=\"\" title=\"IMG_0106\" data-src=\"https:\/\/www.sudchasse.fr\/wp-content\/uploads\/2025\/03\/IMG_0106.JPG\" \/>\n\n\n\t\t\t\t<\/div>\n\t\t\t<div  class=\"ms-slide\" data-delay=\"3\" data-fill-mode=\"fill\"   >\n\t\t\t\t\t<img decoding=\"async\" src=\"https:\/\/www.sudchasse.fr\/wp-content\/plugins\/masterslider\/public\/assets\/css\/blank.gif\" alt=\"\" title=\"IMG_0395\" data-src=\"https:\/\/www.sudchasse.fr\/wp-content\/uploads\/2025\/03\/IMG_0395.JPG\" \/>\n\n\n\t\t\t\t<\/div>\n\n\t\t\t<\/div>\n\t\t\t<!-- END MasterSlider Main -->\n\n\t\t\t \n\t\t<\/div>\n\t\t<!-- END MasterSlider -->\n\n\t\t<script>\n\t\t( window.MSReady = window.MSReady || [] ).push( function( $ ) {\n\n\t\t\t\"use strict\";\n\t\t\tvar masterslider_492e = new MasterSlider();\n\n\t\t\t\/\/ slider controls\n\t\t\tmasterslider_492e.control('arrows'     ,{ autohide:true, overVideo:false  });\n\t\t\t\/\/ slider setup\n\t\t\tmasterslider_492e.setup(\"MS694404df1492e\", {\n\t\t\t\twidth           : 1000,\n\t\t\t\theight          : 750,\n\t\t\t\tminHeight       : 0,\n\t\t\t\tspace           : 0,\n\t\t\t\tstart           : 1,\n\t\t\t\tgrabCursor      : true,\n\t\t\t\tswipe           : true,\n\t\t\t\tmouse           : true,\n\t\t\t\tkeyboard        : true,\n\t\t\t\tlayout          : \"boxed\",\n\t\t\t\twheel           : false,\n\t\t\t\tautoplay        : true,\n                instantStartLayers:false,\n\t\t\t\tmobileBGVideo:false,\n\t\t\t\tloop            : true,\n\t\t\t\tshuffle         : false,\n\t\t\t\tpreload         : 0,\n\t\t\t\theightLimit     : true,\n\t\t\t\tautoHeight      : false,\n\t\t\t\tsmoothHeight    : true,\n\t\t\t\tendPause        : false,\n\t\t\t\toverPause       : false,\n\t\t\t\tfillMode        : \"fill\",\n\t\t\t\tcenterControls  : true,\n\t\t\t\tstartOnAppear   : false,\n\t\t\t\tlayersMode      : \"center\",\n\t\t\t\tautofillTarget  : \"\",\n\t\t\t\thideLayers      : false,\n\t\t\t\tfullscreenMargin: 0,\n\t\t\t\tspeed           : 4,\n\t\t\t\tdir             : \"h\",\n\t\t\t\tresponsive      : true,\n\t\t\t\ttabletWidth     : 768,\n\t\t\t\ttabletHeight    : null,\n\t\t\t\tphoneWidth      : 480,\n\t\t\t\tphoneHeight    : null,\n\t\t\t\tsizingReference : window,\n\t\t\t\tparallaxMode    : 'swipe',\n\t\t\t\tview            : \"fade\"\n\t\t\t});\n\n\t\t\t\n\t\t\twindow.masterslider_instances = window.masterslider_instances || [];\n\t\t\twindow.masterslider_instances.push( masterslider_492e );\n\t\t});\n\t\t<\/script>\n\n<\/div><\/div><\/div><\/div><div class=\"wpb_column mypad2 vc_column_container vc_col-sm-6 wd-z-index wd-rs-65d8ca18ab369\"><div class=\"vc_column-inner\"><div class=\"wpb_wrapper\">\t\t\t<link rel=\"stylesheet\" id=\"wd-text-block-css\" href=\"https:\/\/www.sudchasse.fr\/wp-content\/themes\/woodmart\/css\/parts\/el-text-block.min.css?ver=7.3.4\" type=\"text\/css\" media=\"all\" \/> \t\t\t\t\t<div id=\"wd-65e05e0087f2b\" class=\"wd-text-block wd-wpb reset-last-child wd-rs-65e05e0087f2b text-left wd-width-custom wd-fontsize-xs vc_custom_1709202965801\">\n\t\t\t<h1><strong>Contacter Sud Chasse<\/strong><\/h1>\n<p>Chemin d&rsquo;Emp\u00e9r\u00e8s 32450 Saramon, France<br \/>\n<a href=\"tel:+33665172998\">+33 (0) 6 65 17 29 98<\/a><br \/>\n<a href=\"mailto:sudchasse@hotmail.fr\">sudchasse@hotmail.fr<\/a><\/p>\n\t\t<\/div>\n\t\t<div class=\"wpforms-container wpforms-container-full wpforms-render-modern\" id=\"wpforms-194\"><form id=\"wpforms-form-194\" class=\"wpforms-validate wpforms-form wpforms-ajax-form\" data-formid=\"194\" method=\"post\" enctype=\"multipart\/form-data\" action=\"\/es\/wp-json\/wp\/v2\/pages\/602\" data-token=\"5d5cc8f6c053d1c532f4e11184a8cb3f\"><noscript class=\"wpforms-error-noscript\">Por favor, activa JavaScript en tu navegador para completar este formulario.<\/noscript><div class=\"wpforms-hidden\" id=\"wpforms-error-noscript\">Por favor, activa JavaScript en tu navegador para completar este formulario.<\/div><div class=\"wpforms-field-container\"><div id=\"wpforms-194-field_0-container\" class=\"wpforms-field wpforms-field-name\" data-field-id=\"0\"><label class=\"wpforms-field-label wpforms-label-hide\" for=\"wpforms-194-field_0\" aria-hidden=\"false\">Nom <span class=\"wpforms-required-label\" aria-hidden=\"true\">*<\/span><\/label><input type=\"text\" id=\"wpforms-194-field_0\" class=\"wpforms-field-medium wpforms-field-required\" name=\"wpforms[fields][0]\" placeholder=\"Votre nom\" aria-errormessage=\"wpforms-194-field_0-error\" required><\/div><div id=\"wpforms-194-field_9-container\" class=\"wpforms-field wpforms-field-layout\" data-field-id=\"9\"><label class=\"wpforms-field-label wpforms-label-hide\" for=\"wpforms-194-field_9\" aria-hidden=\"false\">Mise en page<\/label><div class=\"wpforms-field-layout-columns wpforms-field-layout-preset-50-50\"><div class=\"wpforms-layout-column wpforms-layout-column-50\"><div id=\"wpforms-194-field_3-container\" class=\"wpforms-field wpforms-field-phone\" data-field-id=\"3\"><label class=\"wpforms-field-label wpforms-label-hide\" for=\"wpforms-194-field_3\" aria-hidden=\"false\">T\u00e9l\u00e9phone<\/label><input type=\"tel\" id=\"wpforms-194-field_3\" class=\"wpforms-field-medium wpforms-smart-phone-field\" data-rule-smart-phone-field=\"true\" name=\"wpforms[fields][3]\" placeholder=\"Votre t\u00e9l\u00e9phone\" aria-errormessage=\"wpforms-194-field_3-error\" ><\/div><\/div><div class=\"wpforms-layout-column wpforms-layout-column-50\"><div id=\"wpforms-194-field_1-container\" class=\"wpforms-field wpforms-field-email\" data-field-id=\"1\"><label class=\"wpforms-field-label wpforms-label-hide\" for=\"wpforms-194-field_1\" aria-hidden=\"false\">Votre e-mail <span class=\"wpforms-required-label\" aria-hidden=\"true\">*<\/span><\/label><input type=\"email\" id=\"wpforms-194-field_1\" class=\"wpforms-field-medium wpforms-field-required\" name=\"wpforms[fields][1]\" placeholder=\"E-mail\" spellcheck=\"false\" aria-errormessage=\"wpforms-194-field_1-error\" required><\/div><\/div><\/div><\/div><div id=\"wpforms-194-field_4-container\" class=\"wpforms-field wpforms-field-text\" data-field-id=\"4\"><label class=\"wpforms-field-label wpforms-label-hide\" for=\"wpforms-194-field_4\" aria-hidden=\"false\">Adresse postale<\/label><input type=\"text\" id=\"wpforms-194-field_4\" class=\"wpforms-field-medium\" name=\"wpforms[fields][4]\" placeholder=\"Adresse postale\" aria-errormessage=\"wpforms-194-field_4-error\" ><\/div><div id=\"wpforms-194-field_6-container\" class=\"wpforms-field wpforms-field-layout\" data-field-id=\"6\"><label class=\"wpforms-field-label wpforms-label-hide\" for=\"wpforms-194-field_6\" aria-hidden=\"false\">Mise en page<\/label><div class=\"wpforms-field-layout-columns wpforms-field-layout-preset-33-33-33\"><div class=\"wpforms-layout-column wpforms-layout-column-33\"><div id=\"wpforms-194-field_7-container\" class=\"wpforms-field wpforms-field-text\" data-field-id=\"7\"><label class=\"wpforms-field-label wpforms-label-hide\" for=\"wpforms-194-field_7\" aria-hidden=\"false\">Code postale<\/label><input type=\"text\" id=\"wpforms-194-field_7\" class=\"wpforms-field-medium\" name=\"wpforms[fields][7]\" placeholder=\"Code postale\" aria-errormessage=\"wpforms-194-field_7-error\" ><\/div><\/div><div class=\"wpforms-layout-column wpforms-layout-column-33\"><div id=\"wpforms-194-field_5-container\" class=\"wpforms-field wpforms-field-text\" data-field-id=\"5\"><label class=\"wpforms-field-label wpforms-label-hide\" for=\"wpforms-194-field_5\" aria-hidden=\"false\">Commune<\/label><input type=\"text\" id=\"wpforms-194-field_5\" class=\"wpforms-field-medium\" name=\"wpforms[fields][5]\" placeholder=\"Commune\" aria-errormessage=\"wpforms-194-field_5-error\" ><\/div><\/div><div class=\"wpforms-layout-column wpforms-layout-column-33\"><div id=\"wpforms-194-field_8-container\" class=\"wpforms-field wpforms-field-text\" data-field-id=\"8\"><label class=\"wpforms-field-label wpforms-label-hide\" for=\"wpforms-194-field_8\" aria-hidden=\"false\">Pays<\/label><input type=\"text\" id=\"wpforms-194-field_8\" class=\"wpforms-field-medium\" name=\"wpforms[fields][8]\" placeholder=\"Pays\" aria-errormessage=\"wpforms-194-field_8-error\" ><\/div><\/div><\/div><\/div><div id=\"wpforms-194-field_2-container\" class=\"wpforms-field wpforms-field-textarea\" data-field-id=\"2\"><label class=\"wpforms-field-label wpforms-label-hide\" for=\"wpforms-194-field_2\" aria-hidden=\"false\">Commentaire ou message<\/label><textarea id=\"wpforms-194-field_2\" class=\"wpforms-field-medium\" name=\"wpforms[fields][2]\" placeholder=\"Votre message\" aria-errormessage=\"wpforms-194-field_2-error\" ><\/textarea><\/div><\/div><!-- .wpforms-field-container --><div class=\"wpforms-submit-container\" ><input type=\"hidden\" name=\"wpforms[id]\" value=\"194\"><input type=\"hidden\" name=\"wpforms[author]\" value=\"1\"><button type=\"submit\" name=\"wpforms[submit]\" id=\"wpforms-submit-194\" class=\"wpforms-submit\" data-alt-text=\"Envoi...\" data-submit-text=\"Envoyer\" aria-live=\"assertive\" value=\"wpforms-submit\">Envoyer<\/button><img loading=\"lazy\" decoding=\"async\" src=\"https:\/\/www.sudchasse.fr\/wp-content\/plugins\/wpforms\/assets\/images\/submit-spin.svg\" class=\"wpforms-submit-spinner\" style=\"display: none;\" width=\"26\" height=\"26\" alt=\"Cargando\"><\/div><\/form><\/div>  <!-- .wpforms-container --><\/div><\/div><\/div><\/div><div class=\"vc_row-full-width vc_clearfix\"><\/div>\n<\/div>","protected":false},"excerpt":{"rendered":"Contacter Sud Chasse Chemin d'Emp\u00e9r\u00e8s 32450 Saramon, France +33 (0) 6 65 17 29 98 sudchasse@hotmail.fr Por favor, activa JavaScript","protected":false},"author":1,"featured_media":0,"parent":0,"menu_order":6,"comment_status":"closed","ping_status":"closed","template":"","meta":{"footnotes":""},"class_list":["post-602","page","type-page","status-publish","hentry"],"_links":{"self":[{"href":"https:\/\/www.sudchasse.fr\/es\/wp-json\/wp\/v2\/pages\/602","targetHints":{"allow":["GET"]}}],"collection":[{"href":"https:\/\/www.sudchasse.fr\/es\/wp-json\/wp\/v2\/pages"}],"about":[{"href":"https:\/\/www.sudchasse.fr\/es\/wp-json\/wp\/v2\/types\/page"}],"author":[{"embeddable":true,"href":"https:\/\/www.sudchasse.fr\/es\/wp-json\/wp\/v2\/users\/1"}],"replies":[{"embeddable":true,"href":"https:\/\/www.sudchasse.fr\/es\/wp-json\/wp\/v2\/comments?post=602"}],"version-history":[{"count":14,"href":"https:\/\/www.sudchasse.fr\/es\/wp-json\/wp\/v2\/pages\/602\/revisions"}],"predecessor-version":[{"id":876,"href":"https:\/\/www.sudchasse.fr\/es\/wp-json\/wp\/v2\/pages\/602\/revisions\/876"}],"wp:attachment":[{"href":"https:\/\/www.sudchasse.fr\/es\/wp-json\/wp\/v2\/media?parent=602"}],"curies":[{"name":"wp","href":"https:\/\/api.w.org\/{rel}","templated":true}]}}