{"id":384,"date":"2024-02-26T11:41:08","date_gmt":"2024-02-26T11:41:08","guid":{"rendered":"https:\/\/www.sudchasse.fr\/?page_id=384"},"modified":"2025-03-21T09:48:02","modified_gmt":"2025-03-21T09:48:02","slug":"caza-de-muflones","status":"publish","type":"page","link":"https:\/\/www.sudchasse.fr\/es\/caza-de-muflones","title":{"rendered":"Caza del mufl\u00f3n"},"content":{"rendered":"<div class=\"wpb-content-wrapper\"><div data-vc-full-width=\"true\" data-vc-full-width-init=\"false\" data-vc-stretch-content=\"true\" class=\"vc_row wpb_row vc_row-fluid tophead vc_custom_1712818592873 vc_row-o-equal-height vc_row-flex row-reverse-mobile wd-rs-6617899aaa3b7\"><div class=\"wpb_column contsejour vc_column_container vc_col-sm-6 vc_col-has-fill wd-rs-65e8d7e85e862\"><div class=\"vc_column-inner vc_custom_1709758456096\"><div class=\"wpb_wrapper\"><div class=\"avt_masterslider_el\" >\n\t\t<!-- MasterSlider -->\n\t\t<div id=\"P_MS67e42649b4904\" class=\"master-slider-parent ms-parent-id-8\" style=\"max-width:1000px;\" >\n\n\t\t\t\n\t\t\t<!-- MasterSlider Main -->\n\t\t\t<div id=\"MS67e42649b4904\" class=\"master-slider ms-skin-default\" >\n\t\t\t\t \t\t\t\t \n\t\t\t<div  class=\"ms-slide\" data-delay=\"3\" data-fill-mode=\"fill\"   >\n\t\t\t\t\t<img decoding=\"async\" src=\"https:\/\/www.sudchasse.fr\/wp-content\/plugins\/masterslider\/public\/assets\/css\/blank.gif\" alt=\"Un mufl\u00f3n majestuoso en una zona de hierba, con sus cuernos en espiral a la vista.\" title=\"\" data-src=\"https:\/\/www.sudchasse.fr\/wp-content\/uploads\/2024\/02\/mouflon.jpg\" \/>\n\n\n\t\t\t\t<\/div>\n\t\t\t<div  class=\"ms-slide\" data-delay=\"3\" data-fill-mode=\"fill\"   >\n\t\t\t\t\t<img decoding=\"async\" src=\"https:\/\/www.sudchasse.fr\/wp-content\/plugins\/masterslider\/public\/assets\/css\/blank.gif\" alt=\"\" title=\"IMG_4150\" data-src=\"https:\/\/www.sudchasse.fr\/wp-content\/uploads\/2024\/11\/IMG_4150.JPEG\" \/>\n\n\n\t\t\t\t<\/div>\n\t\t\t<div  class=\"ms-slide\" data-delay=\"3\" data-fill-mode=\"fill\"   >\n\t\t\t\t\t<img decoding=\"async\" src=\"https:\/\/www.sudchasse.fr\/wp-content\/plugins\/masterslider\/public\/assets\/css\/blank.gif\" alt=\"Amanecer dorado sobre un paisaje monta\u00f1oso, con un mar de nubes enclavado en los valles y picos nevados a lo lejos.\" title=\"\" data-src=\"https:\/\/www.sudchasse.fr\/wp-content\/uploads\/2024\/03\/img_4093.jpg\" \/>\n\n\n\t\t\t\t<\/div>\n\t\t\t<div  class=\"ms-slide\" data-delay=\"3\" data-fill-mode=\"fill\"   >\n\t\t\t\t\t<img decoding=\"async\" src=\"https:\/\/www.sudchasse.fr\/wp-content\/plugins\/masterslider\/public\/assets\/css\/blank.gif\" alt=\"\" title=\"IMG_1933\" data-src=\"https:\/\/www.sudchasse.fr\/wp-content\/uploads\/2024\/11\/IMG_1933.jpg\" \/>\n\n\n\t\t\t\t<\/div>\n\t\t\t<div  class=\"ms-slide\" data-delay=\"3\" data-fill-mode=\"fill\"   >\n\t\t\t\t\t<img decoding=\"async\" src=\"https:\/\/www.sudchasse.fr\/wp-content\/plugins\/masterslider\/public\/assets\/css\/blank.gif\" alt=\"\" title=\"DSCN0796\" data-src=\"https:\/\/www.sudchasse.fr\/wp-content\/uploads\/2024\/11\/DSCN0796.jpg\" \/>\n\n\n\t\t\t\t<\/div>\n\t\t\t<div  class=\"ms-slide\" data-delay=\"3\" data-fill-mode=\"fill\"   >\n\t\t\t\t\t<img decoding=\"async\" src=\"https:\/\/www.sudchasse.fr\/wp-content\/plugins\/masterslider\/public\/assets\/css\/blank.gif\" alt=\"\" title=\"DSCN4060\" data-src=\"https:\/\/www.sudchasse.fr\/wp-content\/uploads\/2024\/11\/DSCN4060.JPEG\" \/>\n\n\n\t\t\t\t<\/div>\n\t\t\t<div  class=\"ms-slide\" data-delay=\"3\" data-fill-mode=\"fill\"   >\n\t\t\t\t\t<img decoding=\"async\" src=\"https:\/\/www.sudchasse.fr\/wp-content\/plugins\/masterslider\/public\/assets\/css\/blank.gif\" alt=\"\" title=\"IMG_0571\" data-src=\"https:\/\/www.sudchasse.fr\/wp-content\/uploads\/2024\/11\/IMG_0571.JPG\" \/>\n\n\n\t\t\t\t<\/div>\n\n\t\t\t<\/div>\n\t\t\t<!-- END MasterSlider Main -->\n\n\t\t\t \n\t\t<\/div>\n\t\t<!-- END MasterSlider -->\n\n\t\t<script>\n\t\t( window.MSReady = window.MSReady || [] ).push( function( $ ) {\n\n\t\t\t\"use strict\";\n\t\t\tvar masterslider_4904 = new MasterSlider();\n\n\t\t\t\/\/ slider controls\n\t\t\tmasterslider_4904.control('arrows'     ,{ autohide:true, overVideo:false  });\n\t\t\t\/\/ slider setup\n\t\t\tmasterslider_4904.setup(\"MS67e42649b4904\", {\n\t\t\t\twidth           : 1000,\n\t\t\t\theight          : 750,\n\t\t\t\tminHeight       : 0,\n\t\t\t\tspace           : 0,\n\t\t\t\tstart           : 1,\n\t\t\t\tgrabCursor      : true,\n\t\t\t\tswipe           : true,\n\t\t\t\tmouse           : true,\n\t\t\t\tkeyboard        : true,\n\t\t\t\tlayout          : \"boxed\",\n\t\t\t\twheel           : false,\n\t\t\t\tautoplay        : true,\n                instantStartLayers:false,\n\t\t\t\tmobileBGVideo:false,\n\t\t\t\tloop            : true,\n\t\t\t\tshuffle         : false,\n\t\t\t\tpreload         : 0,\n\t\t\t\theightLimit     : true,\n\t\t\t\tautoHeight      : false,\n\t\t\t\tsmoothHeight    : true,\n\t\t\t\tendPause        : false,\n\t\t\t\toverPause       : false,\n\t\t\t\tfillMode        : \"fill\",\n\t\t\t\tcenterControls  : true,\n\t\t\t\tstartOnAppear   : false,\n\t\t\t\tlayersMode      : \"center\",\n\t\t\t\tautofillTarget  : \"\",\n\t\t\t\thideLayers      : false,\n\t\t\t\tfullscreenMargin: 0,\n\t\t\t\tspeed           : 4,\n\t\t\t\tdir             : \"h\",\n\t\t\t\tresponsive      : true,\n\t\t\t\ttabletWidth     : 768,\n\t\t\t\ttabletHeight    : null,\n\t\t\t\tphoneWidth      : 480,\n\t\t\t\tphoneHeight    : null,\n\t\t\t\tsizingReference : window,\n\t\t\t\tparallaxMode    : 'swipe',\n\t\t\t\tview            : \"fade\"\n\t\t\t});\n\n\t\t\t\n\t\t\twindow.masterslider_instances = window.masterslider_instances || [];\n\t\t\twindow.masterslider_instances.push( masterslider_4904 );\n\t\t});\n\t\t<\/script>\n\n<\/div>\n\t<div class=\"wpb_text_column wpb_content_element col1\" >\n\t\t<div class=\"wpb_wrapper\">\n\t\t\t<h2 class=\"bigh2\" style=\"text-align: right;\">Informaci\u00f3n pr\u00e1ctica<\/h2>\n<p style=\"text-align: right;\">- <strong>Caza todos los d\u00edas de octubre a febrero.<\/strong><br \/>\n\u2013 Departamentos: 11,66<br \/>\n- Alojamiento en casa rural o bed and breakfast<br \/>\n\u2013 Calibres recomendados: 270 wsm; 6x62f; 300wsm;7rm<br \/>\n\u2013 Equipo: calzado de monta\u00f1a, ropa ligera, c\u00e1lida y transpirable, mochila, linterna frontal, pasamonta\u00f1as, guantes, gorro.<\/p>\n\n\t\t<\/div>\n\t<\/div>\n\n\t<div class=\"wpb_text_column wpb_content_element col2\" >\n\t\t<div class=\"wpb_wrapper\">\n\t\t\t<h2 class=\"bigh2\">Servicios a medida<\/h2>\n<p>\u2013 Caza guiada<br \/>\n\u2013 Reserva de alojamiento en pensi\u00f3n completa<br \/>\n\u2013 Creaci\u00f3n de permisos temporales de caza<br \/>\n- <a class=\"popgun\" href=\"#\">Alquiler de armas<\/a><br \/>\n- Seguro complementario<br \/>\n\u2013 Trofeos, taxidermia<\/p>\n\n\t\t<\/div>\n\t<\/div>\n<\/div><\/div><\/div><div class=\"wpb_column mypad2 vc_column_container vc_col-sm-6 wd-z-index wd-rs-65d8ca18ab369\"><div class=\"vc_column-inner\"><div class=\"wpb_wrapper\">\t\t\t<link rel=\"stylesheet\" id=\"wd-text-block-css\" href=\"https:\/\/www.sudchasse.fr\/wp-content\/themes\/woodmart\/css\/parts\/el-text-block.min.css?ver=7.3.4\" type=\"text\/css\" media=\"all\" \/> \t\t\t\t\t<div id=\"wd-67dd35729ea73\" class=\"wd-text-block wd-wpb reset-last-child wd-rs-67dd35729ea73 text-left wd-width-custom wd-fontsize-xs vc_custom_1742550479963\">\n\t\t\t<h1><strong>Estancia de caza de muflones<\/strong><br \/>\nCazando cerca de muflones en los Pirineos<\/h1>\n<p>El mufl\u00f3n mediterr\u00e1neo fue reintroducido en Francia hace unos 50 a\u00f1os, y los primeros ejemplares, procedentes de las reservas de Cadarache, Bauges o Chambord, colonizaron r\u00e1pidamente sus nuevos h\u00e1bitats en todo el sur de Francia. Despu\u00e9s de a\u00f1os de gesti\u00f3n, el \u00e9xito es tal que ahora est\u00e1 presente en muchas zonas monta\u00f1osas. Aunque la aparici\u00f3n y expansi\u00f3n del lobo ha reducido sus poblaciones en los Alpes y en el macizo central, su desarrollo contin\u00faa en otros lugares.<\/p>\n<h2>Caza de muflones en Francia<\/h2>\n<p>Julien descubri\u00f3 esta caza en 2005 y ha cazado esta especie en numerosos territorios. Hoy en d\u00eda tenemos dos grandes sectores en el Pirineo con un plan cineg\u00e9tico de unos 40 animales.<\/p>\n<p>La caza se realiza de octubre a febrero. Podemos cazar desde los 500 metros hasta los 2500 metros de altitud donde encontramos muy buena poblaci\u00f3n y buenos trofeos.<\/p>\n<p>Se puede cazar todos los d\u00edas y recomendamos 3 d\u00edas in situ para optimizar las posibilidades de \u00e9xito de esta caza especialmente cautelosa.<\/p>\n<p>Una cacer\u00eda que merece la pena en magn\u00edficos paisajes..<\/p>\n<p>\u200bLa chasse du mouflon est une des plus difficiles car ces animaux sont capable de d\u00e9celer la pr\u00e9sence humaine \u00e0 grande distance.<\/p>\n<p>\u200bSe necesitar\u00e1n todos los conocimientos del gu\u00eda y su sentido de observaci\u00f3n para completar con \u00e9xito el abordaje. Los disparos pueden variar de 100 a 250 metros o m\u00e1s. Por tanto, es preferible equiparse con un arma de gran calibre equipada con una mira de gran aumento. El cazador podr\u00e1 evolucionar en territorios magn\u00edficos y salvajes donde s\u00f3lo la observaci\u00f3n de estos animales en su entorno colmar\u00e1 sus expectativas.<\/p>\n<p>Il est possible de cumuler la chasse de l&rsquo;isard durant le m\u00eame s\u00e9jour<\/p>\n\t\t<\/div>\n\t\t<div id=\"wd-65f56cc4c09fa\" class=\"wd-rs-65f56cc4c09fa  wd-button-wrapper text-center inline-element\"><a href=\"#\" title=\"a propos\" class=\"btn btn-color-primary btn-style-default btn-style-round btn-size-default sejtrig\">Presupuestos a medida<\/a><\/div><div id=\"wd-65f571467750d\" class=\"wd-rs-65f571467750d  wd-button-wrapper text-center inline-element\"><a href=\"https:\/\/www.sudchasse.fr\/es\/tarjeta-de-regalo\/\" title=\"Tarjeta regalo\" class=\"btn btn-color-default btn-style-bordered btn-style-round btn-size-default\">Tarjeta regalo<\/a><\/div><\/div><\/div><\/div><\/div><div class=\"vc_row-full-width vc_clearfix\"><\/div><div class=\"vc_row wpb_row vc_row-fluid blackbox vc_custom_1708970954406 vc_row-has-fill wd-rs-65dcd3c002ced wd-section-stretch\"><div class=\"wpb_column vc_column_container vc_col-sm-12\"><div class=\"vc_column-inner\"><div class=\"wpb_wrapper\">\n\t<div class=\"wpb_text_column wpb_content_element color-scheme-light\" >\n\t\t<div class=\"wpb_wrapper\">\n\t\t\t<h2 style=\"text-align: center;\">Nuestros alojamientos asociados<\/h2>\n\n\t\t<\/div>\n\t<\/div>\n<\/div><\/div><\/div><\/div><div class=\"vc_row wpb_row vc_row-fluid gibiers vc_custom_1709802963875 vc_row-has-fill vc_column-gap-5 wd-rs-65e985cd97032 wd-section-stretch\"><div class=\"wpb_column vc_column_container vc_col-sm-4\"><div class=\"vc_column-inner\"><div class=\"wpb_wrapper\">\n\t<div  class=\"wpb_single_image wpb_content_element vc_align_left\">\n\t\t\n\t\t<figure class=\"wpb_wrapper vc_figure\">\n\t\t\t<div class=\"vc_single_image-wrapper vc_box_rounded  vc_box_border_grey\"><img decoding=\"async\" class=\"vc_single_image-img\" src=\"https:\/\/www.sudchasse.fr\/wp-content\/uploads\/2024\/03\/283542431-600x400.jpg\" width=\"600\" height=\"400\" alt=\"Una vibrante escena estival con una pizca de tranquilidad proporcionada por una piscina, rodeada de toboganes y sillas de colores, todo ello en un entorno\" title=\"\" loading=\"lazy\" \/><\/div>\n\t\t<\/figure>\n\t<\/div>\n\n\t<div class=\"wpb_text_column wpb_content_element\" >\n\t\t<div class=\"wpb_wrapper\">\n\t\t\t<h2 style=\"text-align: center;\">Hotel Restaurante<br \/>\nRosa de los Pirineos<\/h2>\n<p style=\"text-align: center;\">El Hotel Restaurant Rose des Pyr\u00e9n\u00e9es est\u00e1 situado en Belvaines-et-Cavirac, en el valle del Aude, entre Toulouse y Perpi\u00f1\u00e1n. Ofrece alojamientos amplios con piscina al aire libre.<\/p>\n\n\t\t<\/div>\n\t<\/div>\n<\/div><\/div><\/div><div class=\"wpb_column vc_column_container vc_col-sm-4\"><div class=\"vc_column-inner\"><div class=\"wpb_wrapper\">\n\t<div  class=\"wpb_single_image wpb_content_element vc_align_left\">\n\t\t\n\t\t<figure class=\"wpb_wrapper vc_figure\">\n\t\t\t<div class=\"vc_single_image-wrapper vc_box_rounded  vc_box_border_grey\"><img decoding=\"async\" class=\"vc_single_image-img\" src=\"https:\/\/www.sudchasse.fr\/wp-content\/uploads\/2024\/03\/365174435-600x400.jpg\" width=\"600\" height=\"400\" alt=\"Una acogedora habitaci\u00f3n r\u00fastica con baldosas de terracota, techo de vigas y una c\u00e1lida luz natural que se filtra a trav\u00e9s de las cortinas de la ventana, perfecta para un fin de semana de caza en Francia.\" title=\"\" loading=\"lazy\" \/><\/div>\n\t\t<\/figure>\n\t<\/div>\n\n\t<div class=\"wpb_text_column wpb_content_element\" >\n\t\t<div class=\"wpb_wrapper\">\n\t\t\t<h2 style=\"text-align: center;\">Relais de Laval<br \/>\nen Caudi\u00e8s-de-Fenouill\u00e8des<\/h2>\n<p style=\"text-align: center;\">Algunas habitaciones tienen una zona de estar donde relajarse y una TV de pantalla plana. Todas las habitaciones tienen ba\u00f1o privado.<\/p>\n\n\t\t<\/div>\n\t<\/div>\n<\/div><\/div><\/div><div class=\"wpb_column vc_column_container vc_col-sm-4\"><div class=\"vc_column-inner\"><div class=\"wpb_wrapper\">\n\t<div  class=\"wpb_single_image wpb_content_element vc_align_left\">\n\t\t\n\t\t<figure class=\"wpb_wrapper vc_figure\">\n\t\t\t<div class=\"vc_single_image-wrapper vc_box_rounded  vc_box_border_grey\"><img decoding=\"async\" class=\"vc_single_image-img\" src=\"https:\/\/www.sudchasse.fr\/wp-content\/uploads\/2024\/03\/186476206-600x400.jpg\" width=\"600\" height=\"400\" alt=\"Una encantadora casa de piedra con contraventanas azules situada en una exuberante vegetaci\u00f3n, que rezuma tranquilidad r\u00fastica, perfecta para los amantes de la caza de muflones.\" title=\"\" loading=\"lazy\" \/><\/div>\n\t\t<\/figure>\n\t<\/div>\n\n\t<div class=\"wpb_text_column wpb_content_element\" >\n\t\t<div class=\"wpb_wrapper\">\n\t\t\t<h2 style=\"text-align: center;\">Hostallerie du Vieux Moulin<br \/>\nen el coraz\u00f3n del Pa\u00eds C\u00e1taro<\/h2>\n<p style=\"text-align: center;\">Este peque\u00f1o hotel rural ofrece c\u00f3modas habitaciones decoradas con un estilo aut\u00e9ntico. Puedes comer en la terraza del Restaurant du Moulin.<\/p>\n\n\t\t<\/div>\n\t<\/div>\n<\/div><\/div><\/div><\/div>\n<\/div>","protected":false},"excerpt":{"rendered":"\u200bInfos pratiques \u2013 Chasse tous les jours d'octobre \u00e0 f\u00e9vrier - D\u00e9partements : 11,66 - H\u00e9bergement en g\u00eete ou chambre","protected":false},"author":1,"featured_media":0,"parent":0,"menu_order":10,"comment_status":"closed","ping_status":"closed","template":"","meta":{"footnotes":""},"class_list":["post-384","page","type-page","status-publish","hentry"],"aioseo_notices":[],"_links":{"self":[{"href":"https:\/\/www.sudchasse.fr\/es\/wp-json\/wp\/v2\/pages\/384","targetHints":{"allow":["GET"]}}],"collection":[{"href":"https:\/\/www.sudchasse.fr\/es\/wp-json\/wp\/v2\/pages"}],"about":[{"href":"https:\/\/www.sudchasse.fr\/es\/wp-json\/wp\/v2\/types\/page"}],"author":[{"embeddable":true,"href":"https:\/\/www.sudchasse.fr\/es\/wp-json\/wp\/v2\/users\/1"}],"replies":[{"embeddable":true,"href":"https:\/\/www.sudchasse.fr\/es\/wp-json\/wp\/v2\/comments?post=384"}],"version-history":[{"count":18,"href":"https:\/\/www.sudchasse.fr\/es\/wp-json\/wp\/v2\/pages\/384\/revisions"}],"predecessor-version":[{"id":1507,"href":"https:\/\/www.sudchasse.fr\/es\/wp-json\/wp\/v2\/pages\/384\/revisions\/1507"}],"wp:attachment":[{"href":"https:\/\/www.sudchasse.fr\/es\/wp-json\/wp\/v2\/media?parent=384"}],"curies":[{"name":"wp","href":"https:\/\/api.w.org\/{rel}","templated":true}]}}