{"id":379,"date":"2024-02-26T11:40:18","date_gmt":"2024-02-26T11:40:18","guid":{"rendered":"https:\/\/www.sudchasse.fr\/?page_id=379"},"modified":"2025-11-21T20:18:41","modified_gmt":"2025-11-21T20:18:41","slug":"caza-de-brocado","status":"publish","type":"page","link":"https:\/\/www.sudchasse.fr\/es\/caza-de-brocado","title":{"rendered":"Chasse d&rsquo;\u00e9t\u00e9 du brocard dans le Gers"},"content":{"rendered":"<div class=\"wpb-content-wrapper\"><div data-vc-full-width=\"true\" data-vc-full-width-temp=\"true\" data-vc-full-width-init=\"false\" data-vc-stretch-content=\"true\" class=\"vc_row wpb_row vc_row-fluid tophead vc_custom_1712818544459 vc_row-o-equal-height vc_row-flex row-reverse-mobile wd-rs-661789689e837\"><div class=\"wpb_column contsejour vc_column_container vc_col-sm-6 vc_col-has-fill wd-rs-65e8d7e85e862\"><div class=\"vc_column-inner vc_custom_1709758456096\"><div class=\"wpb_wrapper\"><div class=\"avt_masterslider_el\" >\n\t\t<!-- MasterSlider -->\n\t\t<div id=\"P_MS690c99d1c1735\" class=\"master-slider-parent ms-parent-id-6\" style=\"max-width:1000px;\" >\n\n\t\t\t\n\t\t\t<!-- MasterSlider Main -->\n\t\t\t<div id=\"MS690c99d1c1735\" class=\"master-slider ms-skin-default\" >\n\t\t\t\t \t\t\t\t \n\t\t\t<div  class=\"ms-slide\" data-delay=\"3\" data-fill-mode=\"fill\"   >\n\t\t\t\t\t<img decoding=\"async\" src=\"https:\/\/www.sudchasse.fr\/wp-content\/plugins\/masterslider\/public\/assets\/css\/blank.gif\" alt=\"\" title=\"IMG_2755\" data-src=\"https:\/\/www.sudchasse.fr\/wp-content\/uploads\/2024\/11\/IMG_2755.JPEG\" \/>\n\n\n\t\t\t\t<\/div>\n\t\t\t<div  class=\"ms-slide\" data-delay=\"3\" data-fill-mode=\"fill\"   >\n\t\t\t\t\t<img decoding=\"async\" src=\"https:\/\/www.sudchasse.fr\/wp-content\/plugins\/masterslider\/public\/assets\/css\/blank.gif\" alt=\"\" title=\"_MG_4834 2\" data-src=\"https:\/\/www.sudchasse.fr\/wp-content\/uploads\/2025\/11\/MG_4834-2.JPG\" \/>\n\n\n\t\t\t\t<\/div>\n\t\t\t<div  class=\"ms-slide\" data-delay=\"3\" data-fill-mode=\"fill\"   >\n\t\t\t\t\t<img decoding=\"async\" src=\"https:\/\/www.sudchasse.fr\/wp-content\/plugins\/masterslider\/public\/assets\/css\/blank.gif\" alt=\"\" title=\"IMG_1019rt\" data-src=\"https:\/\/www.sudchasse.fr\/wp-content\/uploads\/2024\/11\/IMG_1019rt.jpg\" \/>\n\n\n\t\t\t\t<\/div>\n\t\t\t<div  class=\"ms-slide\" data-delay=\"3\" data-fill-mode=\"fill\"   >\n\t\t\t\t\t<img decoding=\"async\" src=\"https:\/\/www.sudchasse.fr\/wp-content\/plugins\/masterslider\/public\/assets\/css\/blank.gif\" alt=\"\" title=\"IMG_9755\" data-src=\"https:\/\/www.sudchasse.fr\/wp-content\/uploads\/2024\/11\/IMG_9755.JPEG\" \/>\n\n\n\t\t\t\t<\/div>\n\t\t\t<div  class=\"ms-slide\" data-delay=\"3\" data-fill-mode=\"fill\"   >\n\t\t\t\t\t<img decoding=\"async\" src=\"https:\/\/www.sudchasse.fr\/wp-content\/plugins\/masterslider\/public\/assets\/css\/blank.gif\" alt=\"\" title=\"IMG_6948\" data-src=\"https:\/\/www.sudchasse.fr\/wp-content\/uploads\/2024\/11\/IMG_6948.jpg\" \/>\n\n\n\t\t\t\t<\/div>\n\t\t\t<div  class=\"ms-slide\" data-delay=\"3\" data-fill-mode=\"fill\"   >\n\t\t\t\t\t<img decoding=\"async\" src=\"https:\/\/www.sudchasse.fr\/wp-content\/plugins\/masterslider\/public\/assets\/css\/blank.gif\" alt=\"\" title=\"IMG_3361\" data-src=\"https:\/\/www.sudchasse.fr\/wp-content\/uploads\/2024\/11\/IMG_3361.JPG\" \/>\n\n\n\t\t\t\t<\/div>\n\t\t\t<div  class=\"ms-slide\" data-delay=\"3\" data-fill-mode=\"fill\"   >\n\t\t\t\t\t<img decoding=\"async\" src=\"https:\/\/www.sudchasse.fr\/wp-content\/plugins\/masterslider\/public\/assets\/css\/blank.gif\" alt=\"\" title=\"90dd40cc-572f-486e-a908-bdf1009d9d4c\" data-src=\"https:\/\/www.sudchasse.fr\/wp-content\/uploads\/2024\/11\/90dd40cc-572f-486e-a908-bdf1009d9d4c.jpg\" \/>\n\n\n\t\t\t\t<\/div>\n\t\t\t<div  class=\"ms-slide\" data-delay=\"3\" data-fill-mode=\"fill\"   >\n\t\t\t\t\t<img decoding=\"async\" src=\"https:\/\/www.sudchasse.fr\/wp-content\/plugins\/masterslider\/public\/assets\/css\/blank.gif\" alt=\"\" title=\"IMG_8434\" data-src=\"https:\/\/www.sudchasse.fr\/wp-content\/uploads\/2024\/11\/IMG_8434.JPEG\" \/>\n\n\n\t\t\t\t<\/div>\n\n\t\t\t<\/div>\n\t\t\t<!-- END MasterSlider Main -->\n\n\t\t\t \n\t\t<\/div>\n\t\t<!-- END MasterSlider -->\n\n\t\t<script>\n\t\t( window.MSReady = window.MSReady || [] ).push( function( $ ) {\n\n\t\t\t\"use strict\";\n\t\t\tvar masterslider_1735 = new MasterSlider();\n\n\t\t\t\/\/ slider controls\n\t\t\tmasterslider_1735.control('arrows'     ,{ autohide:true, overVideo:false  });\n\t\t\t\/\/ slider setup\n\t\t\tmasterslider_1735.setup(\"MS690c99d1c1735\", {\n\t\t\t\twidth           : 1000,\n\t\t\t\theight          : 750,\n\t\t\t\tminHeight       : 0,\n\t\t\t\tspace           : 0,\n\t\t\t\tstart           : 1,\n\t\t\t\tgrabCursor      : true,\n\t\t\t\tswipe           : true,\n\t\t\t\tmouse           : true,\n\t\t\t\tkeyboard        : true,\n\t\t\t\tlayout          : \"boxed\",\n\t\t\t\twheel           : false,\n\t\t\t\tautoplay        : true,\n                instantStartLayers:false,\n\t\t\t\tmobileBGVideo:false,\n\t\t\t\tloop            : true,\n\t\t\t\tshuffle         : false,\n\t\t\t\tpreload         : 0,\n\t\t\t\theightLimit     : true,\n\t\t\t\tautoHeight      : false,\n\t\t\t\tsmoothHeight    : true,\n\t\t\t\tendPause        : false,\n\t\t\t\toverPause       : false,\n\t\t\t\tfillMode        : \"fill\",\n\t\t\t\tcenterControls  : true,\n\t\t\t\tstartOnAppear   : false,\n\t\t\t\tlayersMode      : \"center\",\n\t\t\t\tautofillTarget  : \"\",\n\t\t\t\thideLayers      : false,\n\t\t\t\tfullscreenMargin: 0,\n\t\t\t\tspeed           : 4,\n\t\t\t\tdir             : \"h\",\n\t\t\t\tresponsive      : true,\n\t\t\t\ttabletWidth     : 768,\n\t\t\t\ttabletHeight    : null,\n\t\t\t\tphoneWidth      : 480,\n\t\t\t\tphoneHeight    : null,\n\t\t\t\tsizingReference : window,\n\t\t\t\tparallaxMode    : 'swipe',\n\t\t\t\tview            : \"fade\"\n\t\t\t});\n\n\t\t\t\n\t\t\twindow.masterslider_instances = window.masterslider_instances || [];\n\t\t\twindow.masterslider_instances.push( masterslider_1735 );\n\t\t});\n\t\t<\/script>\n\n<\/div>\n\t<div class=\"wpb_text_column wpb_content_element col1\" >\n\t\t<div class=\"wpb_wrapper\">\n\t\t\t<h2 class=\"bigh2\" style=\"text-align: right;\">Informaci\u00f3n pr\u00e1ctica<\/h2>\n<p style=\"text-align: right;\">- <strong>Caza de Brocard todos los d\u00edas desde principios de junio hasta mediados de septiembre.<\/strong><br \/>\n- Departamentos: 32, 64, 24<br \/>\n- Alojamiento en casa rural o bed and breakfast<br \/>\n- Permiso temporal: 3 o 9 d\u00edas<br \/>\n- Tama\u00f1os recomendados: 243, 270, 7\u00d764, 7rm<\/p>\n\n\t\t<\/div>\n\t<\/div>\n\n\t<div class=\"wpb_text_column wpb_content_element col2\" >\n\t\t<div class=\"wpb_wrapper\">\n\t\t\t<h2 class=\"bigh2\" style=\"text-align: right;\">Servicios a medida<\/h2>\n<p>- Caza guiada<br \/>\n- Reservar alojamiento en pensi\u00f3n completa<br \/>\n- Permisos temporales de caza<br \/>\n- <a class=\"popgun\" href=\"#\">Alquiler de armas<\/a><br \/>\n- Seguro complementario<br \/>\n- Trofeos, taxidermia<\/p>\n\n\t\t<\/div>\n\t<\/div>\n<\/div><\/div><\/div><div class=\"wpb_column mypad2 vc_column_container vc_col-sm-6 wd-z-index wd-rs-65d8ca18ab369\"><div class=\"vc_column-inner\"><div class=\"wpb_wrapper\">\t\t\t<link rel=\"stylesheet\" id=\"wd-text-block-css\" href=\"https:\/\/www.sudchasse.fr\/wp-content\/themes\/woodmart\/css\/parts\/el-text-block.min.css?ver=7.3.4\" type=\"text\/css\" media=\"all\" \/> \t\t\t\t\t<div id=\"wd-6920c877049a1\" class=\"wd-text-block wd-wpb reset-last-child wd-rs-6920c877049a1 text-left wd-width-custom wd-fontsize-xs vc_custom_1763756219064\">\n\t\t\t<h1><strong>Caza de corzo trofeo - Gers<\/strong><br \/>\nCaza del corzo a rececho<\/h1>\n<p>El suroeste y, en particular, el Gers son reconocidos por la calidad de los brocados. El ciervo encuentra all\u00ed un biotopo rico y diverso. Nuestros territorios de caza se encuentran en el Gers, pero tambi\u00e9n en los Pirineos Atl\u00e1nticos. Elegimos zonas monta\u00f1osas, donde es posible observar e identificar animales desde lejos, y realizar aproximaciones en las mejores condiciones. Disponemos de un centenar de territorios abiertos cuya superficie var\u00eda entre 500 y 5.000 Ha, formados por laderas y colinas boscosas, intercaladas con prados, cultivos de cereales y setos.<\/p>\n<h2>Caza del corzo en Gascu\u00f1a<\/h2>\n<p>La caza se realiza bajo la supervisi\u00f3n del gu\u00eda, quien deber\u00e1 dar su aprobaci\u00f3n antes de efectuar el disparo. La zona de caza se recorre principalmente a pie para observar numerosos corzos y seleccionar el animal a abatir. Por lo general, es posible tener al menos una oportunidad de tiro por salida sobre un corzo macho adulto.<\/p>\n<p>Un d\u00eda t\u00edpico de caza del ciervo rojo dura 6 horas, con una salida por la ma\u00f1ana y otra por la tarde.<\/p>\n<h3>Cazadores de F\u00f3rmula 2 1 gu\u00eda<\/h3>\n<p>Tambi\u00e9n ofrecemos caza brocada en verano, tiro en parejas, es decir, 2 cazadores\/1 gu\u00eda. Esta f\u00f3rmula permite a uno de los cazadores acudir solo a la \u201ccaza libre\u201d bajo la responsabilidad del gu\u00eda despu\u00e9s de haber delimitado el sector de caza.<\/p>\n<h2>Trofeos<\/h2>\n<p>Les troph\u00e9es rencontr\u00e9s peuvent \u00eatre tr\u00e8s bons, c\u2019est pourquoi les brocards de 350 grammes sont fr\u00e9quents. Nous pr\u00e9levons chaque saison plusieurs sujets atteignant les 500 grammes, voire plus. Cependant, ces derniers repr\u00e9sentent environ 15% des brocards pr\u00e9lev\u00e9s.<\/p>\n<p>En cuanto a la calificaci\u00f3n de los trofeos, se realizar\u00e1 una estimaci\u00f3n in situ, sin embargo, s\u00f3lo despu\u00e9s de la calificaci\u00f3n oficial en puntos CIC se aprobar\u00e1 el trofeo.<\/p>\n<h2>Gesti\u00f3n<\/h2>\n<p>Les territoires que nous mettons \u00e0 votre disposition sont en grande majorit\u00e9 g\u00e9r\u00e9s par nos soins et ce depuis de nombreuses ann\u00e9es. Sur certains d&rsquo;entre eux nous avons la gestion exclusive du plan de chasse et de ce fait les brocards adulte sont \u00e9pargn\u00e9s notamment lors des battues d&rsquo;hiver et le tir des brocards ne repr\u00e9sentent que 10 \u00e0 15 % maximum de l&rsquo;ensemble des pr\u00e9l\u00e8vements. De ce fait nous retrouvons chaque saison sur nos zones de magnifiques sujets.<\/p>\n<p>La chasse au brocard dans le Gers est reconnue depuis de nombreuse ann\u00e9es, alors n&rsquo;h\u00e9sitez plus!<\/p>\n\t\t<\/div>\n\t\t<div id=\"wd-65f56cc4c09fa\" class=\"wd-rs-65f56cc4c09fa  wd-button-wrapper text-center inline-element\"><a href=\"#\" title=\"a propos\" class=\"btn btn-color-primary btn-style-default btn-style-round btn-size-default sejtrig\">Presupuestos a medida<\/a><\/div><div id=\"wd-65f571329840f\" class=\"wd-rs-65f571329840f  wd-button-wrapper text-center inline-element\"><a href=\"https:\/\/www.sudchasse.fr\/es\/tarjeta-de-regalo\/\" title=\"Tarjeta regalo\" class=\"btn btn-color-default btn-style-bordered btn-style-round btn-size-default\">Tarjeta regalo<\/a><\/div><\/div><\/div><\/div><\/div><div class=\"vc_row-full-width vc_clearfix\"><\/div><div class=\"vc_row wpb_row vc_row-fluid blackbox vc_custom_1708970954406 vc_row-has-fill wd-rs-65dcd3c002ced wd-section-stretch\"><div class=\"wpb_column vc_column_container vc_col-sm-12\"><div class=\"vc_column-inner\"><div class=\"wpb_wrapper\">\n\t<div class=\"wpb_text_column wpb_content_element color-scheme-light\" >\n\t\t<div class=\"wpb_wrapper\">\n\t\t\t<h2 style=\"text-align: center;\">Nuestros alojamientos asociados para la caza de Brocard en el Gers y los Pirineos<\/h2>\n\n\t\t<\/div>\n\t<\/div>\n<\/div><\/div><\/div><\/div><div class=\"vc_row wpb_row vc_row-fluid gibiers vc_custom_1709802963875 vc_row-has-fill vc_column-gap-5 wd-rs-65e985cd97032 wd-section-stretch\"><div class=\"wpb_column vc_column_container vc_col-sm-3\"><div class=\"vc_column-inner\"><div class=\"wpb_wrapper\">\n\t<div  class=\"wpb_single_image wpb_content_element vc_align_left\">\n\t\t\n\t\t<figure class=\"wpb_wrapper vc_figure\">\n\t\t\t<div class=\"vc_single_image-wrapper vc_box_rounded  vc_box_border_grey\"><img decoding=\"async\" class=\"vc_single_image-img\" src=\"https:\/\/www.sudchasse.fr\/wp-content\/uploads\/2024\/03\/repos-600x400.jpg\" width=\"600\" height=\"400\" alt=\"Una tarde soleada y tranquila en una encantadora casa de campo con tumbonas preparadas para un d\u00eda de relax en medio de una exuberante vegetaci\u00f3n, perfecta para una escapada de caza en Francia.\" title=\"\" loading=\"lazy\" \/><\/div>\n\t\t<\/figure>\n\t<\/div>\n\n\t<div class=\"wpb_text_column wpb_content_element\" >\n\t\t<div class=\"wpb_wrapper\">\n\t\t\t<h2 style=\"text-align: center;\">Les G\u00eetes du Cont\u00e9<br \/>\nen Lasseube-Propre (Gers)<\/h2>\n<p style=\"text-align: center;\">Situada en la comuna de Lasseube-Propre, C\u00e9cile le da la bienvenida a sus casas rurales. Con capacidad para decenas de personas, todo el espacio est\u00e1 reservado para usted, y tambi\u00e9n podr\u00e1 disfrutar de un gran parque y una piscina exterior.<\/p>\n\n\t\t<\/div>\n\t<\/div>\n<\/div><\/div><\/div><div class=\"wpb_column vc_column_container vc_col-sm-3\"><div class=\"vc_column-inner\"><div class=\"wpb_wrapper\">\n\t<div  class=\"wpb_single_image wpb_content_element vc_align_left\">\n\t\t\n\t\t<figure class=\"wpb_wrapper vc_figure\">\n\t\t\t<div class=\"vc_single_image-wrapper vc_box_rounded  vc_box_border_grey\"><img decoding=\"async\" class=\"vc_single_image-img\" src=\"https:\/\/www.sudchasse.fr\/wp-content\/uploads\/2024\/03\/2-600x400.jpg\" width=\"600\" height=\"400\" alt=\"Acogedora habitaci\u00f3n abuhardillada con colcha de tem\u00e1tica tropical, vigas vistas y pared de piedra de \u00e9poca, creando una mezcla de encanto r\u00fastico y comodidades modernas para una id\u00edlica escapada de caza.\" title=\"\" loading=\"lazy\" \/><\/div>\n\t\t<\/figure>\n\t<\/div>\n\n\t<div class=\"wpb_text_column wpb_content_element\" >\n\t\t<div class=\"wpb_wrapper\">\n\t\t\t<h2 style=\"text-align: center;\">Casa de hu\u00e9spedes Amichemin<br \/>\nen Bearn<\/h2>\n<p style=\"text-align: center;\">Miriam le da la bienvenida todo el a\u00f1o en un entorno tranquilo y aut\u00e9ntico, pero con todas las comodidades de unas habitaciones modernas y elegantes. Tambi\u00e9n podr\u00e1 degustar preparaciones culinarias regionales entre dos aproximaciones a los brocales, todo ello en un ambiente c\u00e1lido y acogedor.<\/p>\n\n\t\t<\/div>\n\t<\/div>\n<\/div><\/div><\/div><div class=\"wpb_column vc_column_container vc_col-sm-3\"><div class=\"vc_column-inner\"><div class=\"wpb_wrapper\">\n\t<div  class=\"wpb_single_image wpb_content_element vc_align_left\">\n\t\t\n\t\t<figure class=\"wpb_wrapper vc_figure\">\n\t\t\t<div class=\"vc_single_image-wrapper vc_box_rounded  vc_box_border_grey\"><img decoding=\"async\" class=\"vc_single_image-img\" src=\"https:\/\/www.sudchasse.fr\/wp-content\/uploads\/2024\/04\/310733524_683751296787451_3794812881492914592_n-600x400.jpg\" width=\"600\" height=\"400\" alt=\"\" title=\"\" loading=\"lazy\" \/><\/div>\n\t\t<\/figure>\n\t<\/div>\n\n\t<div class=\"wpb_text_column wpb_content_element\" >\n\t\t<div class=\"wpb_wrapper\">\n\t\t\t<h2 style=\"text-align: center;\">Cama y desayuno 3 espigas<br \/>\nAl Presidente en Mirand\u00e9<\/h2>\n<p style=\"text-align: center;\">En el coraz\u00f3n del Gers, Jacques Piquemil le da la bienvenida a sus encantadoras habitaciones clasificadas 3 espigas. Apreciar\u00e1 la c\u00e1lida bienvenida del propietario y se beneficiar\u00e1 de un entorno verde y relajante.<\/p>\n\n\t\t<\/div>\n\t<\/div>\n<\/div><\/div><\/div><div class=\"wpb_column vc_column_container vc_col-sm-3\"><div class=\"vc_column-inner\"><div class=\"wpb_wrapper\"><\/div><\/div><\/div><\/div>\n<\/div>","protected":false},"excerpt":{"rendered":"\u200bInfos pratiques \u2013 Chasse du Brocard tous les jours de d\u00e9but juin \u00e0 mi-septembre - D\u00e9partements : 32, 64, 24","protected":false},"author":1,"featured_media":0,"parent":0,"menu_order":8,"comment_status":"closed","ping_status":"closed","template":"","meta":{"footnotes":""},"class_list":["post-379","page","type-page","status-publish","hentry"],"_links":{"self":[{"href":"https:\/\/www.sudchasse.fr\/es\/wp-json\/wp\/v2\/pages\/379","targetHints":{"allow":["GET"]}}],"collection":[{"href":"https:\/\/www.sudchasse.fr\/es\/wp-json\/wp\/v2\/pages"}],"about":[{"href":"https:\/\/www.sudchasse.fr\/es\/wp-json\/wp\/v2\/types\/page"}],"author":[{"embeddable":true,"href":"https:\/\/www.sudchasse.fr\/es\/wp-json\/wp\/v2\/users\/1"}],"replies":[{"embeddable":true,"href":"https:\/\/www.sudchasse.fr\/es\/wp-json\/wp\/v2\/comments?post=379"}],"version-history":[{"count":66,"href":"https:\/\/www.sudchasse.fr\/es\/wp-json\/wp\/v2\/pages\/379\/revisions"}],"predecessor-version":[{"id":1631,"href":"https:\/\/www.sudchasse.fr\/es\/wp-json\/wp\/v2\/pages\/379\/revisions\/1631"}],"wp:attachment":[{"href":"https:\/\/www.sudchasse.fr\/es\/wp-json\/wp\/v2\/media?parent=379"}],"curies":[{"name":"wp","href":"https:\/\/api.w.org\/{rel}","templated":true}]}}