{"id":251,"date":"2024-01-23T15:39:50","date_gmt":"2024-01-23T15:39:50","guid":{"rendered":"https:\/\/www.sudchasse.fr\/?page_id=251"},"modified":"2024-04-04T18:54:35","modified_gmt":"2024-04-04T18:54:35","slug":"noticias","status":"publish","type":"page","link":"https:\/\/www.sudchasse.fr\/es\/noticias","title":{"rendered":"Noticias"},"content":{"rendered":"<div class=\"wpb-content-wrapper\"><div data-vc-full-width=\"true\" data-vc-full-width-init=\"false\" data-vc-stretch-content=\"true\" class=\"vc_row wpb_row vc_row-fluid tophead vc_custom_1702410490920 vc_row-o-content-middle vc_row-flex wd-rs-6578b8f09e7c2\"><div class=\"wpb_column vc_column_container vc_col-sm-6 vc_col-has-fill wd-rs-65d7cd37e598d\"><div class=\"vc_column-inner vc_custom_1708641606358\"><div class=\"wpb_wrapper\"><div class=\"avt_masterslider_el\" >\n\t\t<!-- MasterSlider -->\n\t\t<div id=\"P_MS673b06b344ba1\" class=\"master-slider-parent ms-parent-id-10\" style=\"max-width:1000px;\" >\n\n\t\t\t\n\t\t\t<!-- MasterSlider Main -->\n\t\t\t<div id=\"MS673b06b344ba1\" class=\"master-slider ms-skin-default\" >\n\t\t\t\t \t\t\t\t \n\t\t\t<div  class=\"ms-slide\" data-delay=\"3\" data-fill-mode=\"fill\"   >\n\t\t\t\t\t<img decoding=\"async\" src=\"https:\/\/www.sudchasse.fr\/wp-content\/plugins\/masterslider\/public\/assets\/css\/blank.gif\" alt=\"Los majestuosos acantilados de las monta\u00f1as dominan una vasta extensi\u00f3n de serenos valles bajo un cielo azul claro.\" title=\"\" data-src=\"https:\/\/www.sudchasse.fr\/wp-content\/uploads\/2024\/03\/P1010720-1-scaled.jpg\" \/>\n\n\n\t\t\t\t<\/div>\n\t\t\t<div  class=\"ms-slide\" data-delay=\"3\" data-fill-mode=\"fill\"   >\n\t\t\t\t\t<img decoding=\"async\" src=\"https:\/\/www.sudchasse.fr\/wp-content\/plugins\/masterslider\/public\/assets\/css\/blank.gif\" alt=\"Majestuosas monta\u00f1as cubiertas de nieve se elevan sobre un sereno paisaje alpino con rocas dispersas y \u00e1rboles de hoja perenne, bajo un cielo azul brillante con nubes tenues.\" title=\"\" data-src=\"https:\/\/www.sudchasse.fr\/wp-content\/uploads\/2024\/03\/img_2116.jpg\" \/>\n\n\n\t\t\t\t<\/div>\n\t\t\t<div  class=\"ms-slide\" data-delay=\"3\" data-fill-mode=\"fill\"   >\n\t\t\t\t\t<img decoding=\"async\" src=\"https:\/\/www.sudchasse.fr\/wp-content\/plugins\/masterslider\/public\/assets\/css\/blank.gif\" alt=\"Cuco desde el prado: Un curioso ciervo con sus astas en ciernes mira a trav\u00e9s de la exuberante hierba verde, mezcl\u00e1ndose perfectamente con el tapiz natural del campo.\" title=\"\" data-src=\"https:\/\/www.sudchasse.fr\/wp-content\/uploads\/2024\/03\/re-2-scaled.jpg\" \/>\n\n\n\t\t\t\t<\/div>\n\n\t\t\t<\/div>\n\t\t\t<!-- END MasterSlider Main -->\n\n\t\t\t \n\t\t<\/div>\n\t\t<!-- END MasterSlider -->\n\n\t\t<script>\n\t\t( window.MSReady = window.MSReady || [] ).push( function( $ ) {\n\n\t\t\t\"use strict\";\n\t\t\tvar masterslider_4ba1 = new MasterSlider();\n\n\t\t\t\/\/ slider controls\n\t\t\tmasterslider_4ba1.control('arrows'     ,{ autohide:true, overVideo:false  });\n\t\t\t\/\/ slider setup\n\t\t\tmasterslider_4ba1.setup(\"MS673b06b344ba1\", {\n\t\t\t\twidth           : 1000,\n\t\t\t\theight          : 750,\n\t\t\t\tminHeight       : 0,\n\t\t\t\tspace           : 0,\n\t\t\t\tstart           : 1,\n\t\t\t\tgrabCursor      : true,\n\t\t\t\tswipe           : true,\n\t\t\t\tmouse           : true,\n\t\t\t\tkeyboard        : true,\n\t\t\t\tlayout          : \"boxed\",\n\t\t\t\twheel           : false,\n\t\t\t\tautoplay        : true,\n                instantStartLayers:false,\n\t\t\t\tmobileBGVideo:false,\n\t\t\t\tloop            : true,\n\t\t\t\tshuffle         : false,\n\t\t\t\tpreload         : 0,\n\t\t\t\theightLimit     : true,\n\t\t\t\tautoHeight      : false,\n\t\t\t\tsmoothHeight    : true,\n\t\t\t\tendPause        : false,\n\t\t\t\toverPause       : false,\n\t\t\t\tfillMode        : \"fill\",\n\t\t\t\tcenterControls  : true,\n\t\t\t\tstartOnAppear   : false,\n\t\t\t\tlayersMode      : \"center\",\n\t\t\t\tautofillTarget  : \"\",\n\t\t\t\thideLayers      : false,\n\t\t\t\tfullscreenMargin: 0,\n\t\t\t\tspeed           : 4,\n\t\t\t\tdir             : \"h\",\n\t\t\t\tresponsive      : true,\n\t\t\t\ttabletWidth     : 768,\n\t\t\t\ttabletHeight    : null,\n\t\t\t\tphoneWidth      : 480,\n\t\t\t\tphoneHeight    : null,\n\t\t\t\tsizingReference : window,\n\t\t\t\tparallaxMode    : 'swipe',\n\t\t\t\tview            : \"fade\"\n\t\t\t});\n\n\t\t\t\n\t\t\twindow.masterslider_instances = window.masterslider_instances || [];\n\t\t\twindow.masterslider_instances.push( masterslider_4ba1 );\n\t\t});\n\t\t<\/script>\n\n<\/div><\/div><\/div><\/div><div class=\"wpb_column mypad2 vc_column_container vc_col-sm-6 wd-z-index wd-rs-65d8ca18ab369\"><div class=\"vc_column-inner\"><div class=\"wpb_wrapper\">\t\t\t<link rel=\"stylesheet\" id=\"wd-text-block-css\" href=\"https:\/\/www.sudchasse.fr\/wp-content\/themes\/woodmart\/css\/parts\/el-text-block.min.css?ver=7.3.4\" type=\"text\/css\" media=\"all\" \/> \t\t\t\t\t<div id=\"wd-65dd1c6080fd1\" class=\"wd-text-block wd-wpb reset-last-child wd-rs-65dd1c6080fd1 text-left wd-width-custom wd-fontsize-xs vc_custom_1708989560547\">\n\t\t\t<h1><strong>Noticias Sud Chasse<\/strong><br \/>\nRececho en cotos abiertos en los Pirineos y el suroeste de Francia<\/h1>\n<p>Julien, gu\u00eda de caza profesional, y su equipo organizan sus cacer\u00edas en Francia desde hace m\u00e1s de 25 a\u00f1os.<\/p>\n\t\t<\/div>\n\t\t<div id=\"wd-65f750124089c\" class=\"wd-rs-65f750124089c  wd-button-wrapper text-center inline-element\"><a href=\"https:\/\/www.sudchasse.fr\/es\/contactos\/\" title=\"contactar\" class=\"btn btn-color-primary btn-style-default btn-style-round btn-size-default\">P\u00f3ngase en contacto con nosotros<\/a><\/div><\/div><\/div><\/div><\/div><div class=\"vc_row-full-width vc_clearfix\"><\/div><div class=\"vc_row wpb_row vc_row-fluid vc_custom_1706031895644 wd-rs-65affb0a00b76\"><div class=\"wpb_column vc_column_container vc_col-sm-12\"><div class=\"vc_column-inner\"><div class=\"wpb_wrapper\">\n<div class=\"vc_grid-container-wrapper vc_clearfix vc_grid-animation-fadeIn\">\n\t<div class=\"vc_grid-container vc_clearfix wpb_content_element vc_basic_grid\" data-initial-loading-animation=\"fadeIn\" data-vc-grid-settings=\"{&quot;page_id&quot;:251,&quot;style&quot;:&quot;all&quot;,&quot;action&quot;:&quot;vc_get_vc_grid_data&quot;,&quot;shortcode_id&quot;:&quot;1712256860962-ee319873-70f0-10&quot;,&quot;tag&quot;:&quot;vc_basic_grid&quot;}\" data-vc-request=\"https:\/\/www.sudchasse.fr\/wp-admin\/admin-ajax.php\" data-vc-post-id=\"251\" data-vc-public-nonce=\"00e9fc661a\">\n\t\t<div class=\"vc_grid vc_row vc_grid-gutter-30px vc_pageable-wrapper vc_hook_hover\" data-vc-pageable-content=\"true\"><div class=\"vc_pageable-slide-wrapper vc_clearfix\" data-vc-grid-content=\"true\"><div class=\"vc_grid-item vc_clearfix vc_col-sm-4 vc_grid-item-zone-c-bottom\"><div class=\"vc_grid-item-mini vc_clearfix\"><div class=\"vc_gitem-animated-block\" ><div class=\"vc_gitem-zone vc_gitem-zone-a vc-gitem-zone-height-mode-auto vc-gitem-zone-height-mode-auto-4-3 vc_gitem-is-link\" style=\"background-image: url('https:\/\/www.sudchasse.fr\/wp-content\/uploads\/2024\/09\/telechargement.jpg') !important;\"><a href=\"https:\/\/www.sudchasse.fr\/es\/reserva-tus-cacerias-de-montana\" title=\"Chasse en montagne\/Pyr\u00e9n\u00e9es\" class=\"vc_gitem-link vc-zone-link\" ><\/a><img decoding=\"async\" class=\"vc_gitem-zone-img\" src=\"https:\/\/www.sudchasse.fr\/wp-content\/uploads\/2024\/09\/telechargement.jpg\" alt=\"Chasse en montagne\/Pyr\u00e9n\u00e9es\" loading=\"lazy\"><div class=\"vc_gitem-zone-mini\"><\/div><\/div><\/div><div class=\"vc_gitem-zone vc_gitem-zone-c\"><div class=\"vc_gitem-zone-mini\"><div class=\"vc_gitem_row vc_row vc_gitem-row-position-top\"><div class=\"vc_col-sm-12 vc_gitem-col vc_gitem-col-align-\"><div class=\"vc_custom_heading vc_gitem-post-data vc_gitem-post-data-source-post_title\" ><h2 style=\"text-align: left\" ><a href=\"https:\/\/www.sudchasse.fr\/es\/reserva-tus-cacerias-de-montana\" class=\"vc_gitem-link\" title=\"Chasse en montagne\/Pyr\u00e9n\u00e9es\">Chasse en montagne\/Pyr\u00e9n\u00e9es<\/a><\/h2><\/div><\/div><\/div><\/div><\/div><\/div><div class=\"vc_clearfix\"><\/div><\/div><div class=\"vc_grid-item vc_clearfix vc_col-sm-4 vc_grid-item-zone-c-bottom\"><div class=\"vc_grid-item-mini vc_clearfix\"><div class=\"vc_gitem-animated-block\" ><div class=\"vc_gitem-zone vc_gitem-zone-a vc-gitem-zone-height-mode-auto vc-gitem-zone-height-mode-auto-4-3 vc_gitem-is-link\" style=\"background-image: url('https:\/\/www.sudchasse.fr\/wp-content\/uploads\/2025\/09\/IMG_4887-rotated.jpg') !important;\"><a href=\"https:\/\/www.sudchasse.fr\/es\/brocards-2025\" title=\"Brocards 2025\" class=\"vc_gitem-link vc-zone-link\" ><\/a><img decoding=\"async\" class=\"vc_gitem-zone-img\" src=\"https:\/\/www.sudchasse.fr\/wp-content\/uploads\/2025\/09\/IMG_4887-rotated.jpg\" alt=\"Brocards 2025\" loading=\"lazy\"><div class=\"vc_gitem-zone-mini\"><\/div><\/div><\/div><div class=\"vc_gitem-zone vc_gitem-zone-c\"><div class=\"vc_gitem-zone-mini\"><div class=\"vc_gitem_row vc_row vc_gitem-row-position-top\"><div class=\"vc_col-sm-12 vc_gitem-col vc_gitem-col-align-\"><div class=\"vc_custom_heading vc_gitem-post-data vc_gitem-post-data-source-post_title\" ><h2 style=\"text-align: left\" ><a href=\"https:\/\/www.sudchasse.fr\/es\/brocards-2025\" class=\"vc_gitem-link\" title=\"Brocards 2025\">Brocards 2025<\/a><\/h2><\/div><\/div><\/div><\/div><\/div><\/div><div class=\"vc_clearfix\"><\/div><\/div><div class=\"vc_grid-item vc_clearfix vc_col-sm-4 vc_grid-item-zone-c-bottom\"><div class=\"vc_grid-item-mini vc_clearfix\"><div class=\"vc_gitem-animated-block\" ><div class=\"vc_gitem-zone vc_gitem-zone-a vc-gitem-zone-height-mode-auto vc-gitem-zone-height-mode-auto-4-3 vc_gitem-is-link\" style=\"background-image: url('https:\/\/www.sudchasse.fr\/wp-content\/uploads\/2025\/01\/voeux-2025-709x1024.jpg') !important;\"><a href=\"https:\/\/www.sudchasse.fr\/es\/deseos-2025\" title=\"\u00a1Deseos 2025!\" class=\"vc_gitem-link vc-zone-link\" ><\/a><img decoding=\"async\" class=\"vc_gitem-zone-img\" src=\"https:\/\/www.sudchasse.fr\/wp-content\/uploads\/2025\/01\/voeux-2025-709x1024.jpg\" alt=\"\u00a1Deseos 2025!\" loading=\"lazy\"><div class=\"vc_gitem-zone-mini\"><\/div><\/div><\/div><div class=\"vc_gitem-zone vc_gitem-zone-c\"><div class=\"vc_gitem-zone-mini\"><div class=\"vc_gitem_row vc_row vc_gitem-row-position-top\"><div class=\"vc_col-sm-12 vc_gitem-col vc_gitem-col-align-\"><div class=\"vc_custom_heading vc_gitem-post-data vc_gitem-post-data-source-post_title\" ><h2 style=\"text-align: left\" ><a href=\"https:\/\/www.sudchasse.fr\/es\/deseos-2025\" class=\"vc_gitem-link\" title=\"\u00a1Deseos 2025!\">\u00a1Deseos 2025!<\/a><\/h2><\/div><\/div><\/div><\/div><\/div><\/div><div class=\"vc_clearfix\"><\/div><\/div><div class=\"vc_grid-item vc_clearfix vc_col-sm-4 vc_grid-item-zone-c-bottom\"><div class=\"vc_grid-item-mini vc_clearfix\"><div class=\"vc_gitem-animated-block\" ><div class=\"vc_gitem-zone vc_gitem-zone-a vc-gitem-zone-height-mode-auto vc-gitem-zone-height-mode-auto-4-3 vc_gitem-is-link\" style=\"background-image: url('https:\/\/www.sudchasse.fr\/wp-content\/uploads\/2024\/09\/Untitled-design-2-1024x715.jpg') !important;\"><a href=\"https:\/\/www.sudchasse.fr\/es\/registro-de-brocado\" title=\"Registro Brocard agosto 2024\" class=\"vc_gitem-link vc-zone-link\" ><\/a><img decoding=\"async\" class=\"vc_gitem-zone-img\" src=\"https:\/\/www.sudchasse.fr\/wp-content\/uploads\/2024\/09\/Untitled-design-2-1024x715.jpg\" alt=\"Registro Brocard agosto 2024\" loading=\"lazy\"><div class=\"vc_gitem-zone-mini\"><\/div><\/div><\/div><div class=\"vc_gitem-zone vc_gitem-zone-c\"><div class=\"vc_gitem-zone-mini\"><div class=\"vc_gitem_row vc_row vc_gitem-row-position-top\"><div class=\"vc_col-sm-12 vc_gitem-col vc_gitem-col-align-\"><div class=\"vc_custom_heading vc_gitem-post-data vc_gitem-post-data-source-post_title\" ><h2 style=\"text-align: left\" ><a href=\"https:\/\/www.sudchasse.fr\/es\/registro-de-brocado\" class=\"vc_gitem-link\" title=\"Registro Brocard agosto 2024\">Registro Brocard agosto 2024<\/a><\/h2><\/div><\/div><\/div><\/div><\/div><\/div><div class=\"vc_clearfix\"><\/div><\/div><div class=\"vc_grid-item vc_clearfix vc_col-sm-4 vc_grid-item-zone-c-bottom\"><div class=\"vc_grid-item-mini vc_clearfix\"><div class=\"vc_gitem-animated-block\" ><div class=\"vc_gitem-zone vc_gitem-zone-a vc-gitem-zone-height-mode-auto vc-gitem-zone-height-mode-auto-4-3 vc_gitem-is-link\" style=\"background-image: url('https:\/\/www.sudchasse.fr\/wp-content\/uploads\/2024\/09\/Untitled-design-1024x455.jpg') !important;\"><a href=\"https:\/\/www.sudchasse.fr\/es\/una-temporada-de-verano-excepcional\" title=\"Caza de Brocados de Verano: \u00a1Una temporada de verano excepcional!\" class=\"vc_gitem-link vc-zone-link\" ><\/a><img decoding=\"async\" class=\"vc_gitem-zone-img\" src=\"https:\/\/www.sudchasse.fr\/wp-content\/uploads\/2024\/09\/Untitled-design-1024x455.jpg\" alt=\"Caza de Brocados de Verano: \u00a1Una temporada de verano excepcional!\" loading=\"lazy\"><div class=\"vc_gitem-zone-mini\"><\/div><\/div><\/div><div class=\"vc_gitem-zone vc_gitem-zone-c\"><div class=\"vc_gitem-zone-mini\"><div class=\"vc_gitem_row vc_row vc_gitem-row-position-top\"><div class=\"vc_col-sm-12 vc_gitem-col vc_gitem-col-align-\"><div class=\"vc_custom_heading vc_gitem-post-data vc_gitem-post-data-source-post_title\" ><h2 style=\"text-align: left\" ><a href=\"https:\/\/www.sudchasse.fr\/es\/una-temporada-de-verano-excepcional\" class=\"vc_gitem-link\" title=\"Caza de Brocados de Verano: \u00a1Una temporada de verano excepcional!\">Caza de Brocados de Verano: \u00a1Una temporada de verano excepcional!<\/a><\/h2><\/div><\/div><\/div><\/div><\/div><\/div><div class=\"vc_clearfix\"><\/div><\/div><div class=\"vc_grid-item vc_clearfix vc_col-sm-4 vc_grid-item-zone-c-bottom\"><div class=\"vc_grid-item-mini vc_clearfix\"><div class=\"vc_gitem-animated-block\" ><div class=\"vc_gitem-zone vc_gitem-zone-a vc-gitem-zone-height-mode-auto vc-gitem-zone-height-mode-auto-4-3 vc_gitem-is-link\" style=\"background-image: url('https:\/\/www.sudchasse.fr\/wp-content\/uploads\/2024\/02\/logos-1024x768.jpg') !important;\"><a href=\"https:\/\/www.sudchasse.fr\/es\/seccion-3\" title=\"Sud Chasse se renueva\" class=\"vc_gitem-link vc-zone-link\" ><\/a><img decoding=\"async\" class=\"vc_gitem-zone-img\" src=\"https:\/\/www.sudchasse.fr\/wp-content\/uploads\/2024\/02\/logos-1024x768.jpg\" alt=\"Logotipo de \"sud chasse voyages en france\" sur fond de champ bl\u00e9 dor\u00e9, adapt\u00e9 pour l'optimisation seo.\" loading =\"lazy\"><div class=\"vc_gitem-zone-mini\"><\/div><\/div><\/div><div class=\"vc_gitem-zone vc_gitem-zone-c\"><div class=\"vc_gitem-zone-mini\"><div class=\"vc_gitem_row vc_row vc_gitem-row-position-top\"><div class=\"vc_col-sm-12 vc_gitem-col vc_gitem-col-align-\"><div class=\"vc_custom_heading vc_gitem-post-data vc_gitem-post-data-source-post_title\" ><h2 style=\"text-align: left\" ><a href=\"https:\/\/www.sudchasse.fr\/es\/seccion-3\" class=\"vc_gitem-link\" title=\"Sud Chasse se renueva\">Sud Chasse se renueva<\/a><\/h2><\/div><\/div><\/div><\/div><\/div><\/div><div class=\"vc_clearfix\"><\/div><\/div><div class=\"vc_grid-item vc_clearfix vc_col-sm-4 vc_grid-item-zone-c-bottom\"><div class=\"vc_grid-item-mini vc_clearfix\"><div class=\"vc_gitem-animated-block\" ><div class=\"vc_gitem-zone vc_gitem-zone-a vc-gitem-zone-height-mode-auto vc-gitem-zone-height-mode-auto-4-3 vc_gitem-is-link\" style=\"background-image: url('https:\/\/www.sudchasse.fr\/wp-content\/uploads\/2024\/01\/mockup-1024x768.jpg') !important;\"><a href=\"https:\/\/www.sudchasse.fr\/es\/articulo-1\" title=\"Sud Chasse est\u00e1 en la prensa\" class=\"vc_gitem-link vc-zone-link\" ><\/a><img decoding=\"async\" class=\"vc_gitem-zone-img\" src=\"https:\/\/www.sudchasse.fr\/wp-content\/uploads\/2024\/01\/mockup-1024x768.jpg\" alt=\"Tres revistas con temas de caza dispuestas sobre una superficie de madera, cada una con la vida silvestre en la portada, con un par de vasos y un cuenco de madera cerca, lo que sugiere un ambiente de lectura relajante para un entusiasta.\" loading=\"lazy\"><div class=\"vc_gitem-zone-mini\"><\/div><\/div><\/div><div class=\"vc_gitem-zone vc_gitem-zone-c\"><div class=\"vc_gitem-zone-mini\"><div class=\"vc_gitem_row vc_row vc_gitem-row-position-top\"><div class=\"vc_col-sm-12 vc_gitem-col vc_gitem-col-align-\"><div class=\"vc_custom_heading vc_gitem-post-data vc_gitem-post-data-source-post_title\" ><h2 style=\"text-align: left\" ><a href=\"https:\/\/www.sudchasse.fr\/es\/articulo-1\" class=\"vc_gitem-link\" title=\"Sud Chasse est\u00e1 en la prensa\">Sud Chasse est\u00e1 en la prensa<\/a><\/h2><\/div><\/div><\/div><\/div><\/div><\/div><div class=\"vc_clearfix\"><\/div><\/div><div class=\"vc_grid-item vc_clearfix vc_col-sm-4 vc_grid-item-zone-c-bottom\"><div class=\"vc_grid-item-mini vc_clearfix\"><div class=\"vc_gitem-animated-block\" ><div class=\"vc_gitem-zone vc_gitem-zone-a vc-gitem-zone-height-mode-auto vc-gitem-zone-height-mode-auto-4-3 vc_gitem-is-link\" style=\"background-image: url('https:\/\/www.sudchasse.fr\/wp-content\/uploads\/2024\/02\/video-1024x683.jpg') !important;\"><a href=\"https:\/\/www.sudchasse.fr\/es\/articulo-2\" title=\"Un bonito reportaje sobre Sud Chasse (en alem\u00e1n)\" class=\"vc_gitem-link vc-zone-link\" ><\/a><img decoding=\"async\" class=\"vc_gitem-zone-img\" src=\"https:\/\/www.sudchasse.fr\/wp-content\/uploads\/2024\/02\/video-1024x683.jpg\" alt=\"Un tel\u00e9fono inteligente colocado de lado que presenta una entrevista en v\u00eddeo con Julien Saint-Sup\u00e9ry, frente a majestuosas monta\u00f1as, se identifica por un texto superpuesto que indica \"julien saint-sup\u00e9ry\" de \"\" loading=\"lazy\"><div class=\"vc_gitem-zone-mini\"><\/div><\/div><\/div><div class=\"vc_gitem-zone vc_gitem-zone-c\"><div class=\"vc_gitem-zone-mini\"><div class=\"vc_gitem_row vc_row vc_gitem-row-position-top\"><div class=\"vc_col-sm-12 vc_gitem-col vc_gitem-col-align-\"><div class=\"vc_custom_heading vc_gitem-post-data vc_gitem-post-data-source-post_title\" ><h2 style=\"text-align: left\" ><a href=\"https:\/\/www.sudchasse.fr\/es\/articulo-2\" class=\"vc_gitem-link\" title=\"Un bonito reportaje sobre Sud Chasse (en alem\u00e1n)\">Un bonito reportaje sobre Sud Chasse (en alem\u00e1n)<\/a><\/h2><\/div><\/div><\/div><\/div><\/div><\/div><div class=\"vc_clearfix\"><\/div><\/div><\/div><\/div>\n\t<\/div>\n<\/div><\/div><\/div><\/div><\/div>\n<\/div>","protected":false},"excerpt":{"rendered":"Les actualit\u00e9s de Sud Chasse Chasse \u00e0 l'approche sur territoires ouverts dans les Pyr\u00e9n\u00e9es et le Sud-ouest Julien, guide de","protected":false},"author":1,"featured_media":0,"parent":0,"menu_order":0,"comment_status":"closed","ping_status":"closed","template":"","meta":{"footnotes":""},"class_list":["post-251","page","type-page","status-publish","hentry"],"aioseo_notices":[],"_links":{"self":[{"href":"https:\/\/www.sudchasse.fr\/es\/wp-json\/wp\/v2\/pages\/251","targetHints":{"allow":["GET"]}}],"collection":[{"href":"https:\/\/www.sudchasse.fr\/es\/wp-json\/wp\/v2\/pages"}],"about":[{"href":"https:\/\/www.sudchasse.fr\/es\/wp-json\/wp\/v2\/types\/page"}],"author":[{"embeddable":true,"href":"https:\/\/www.sudchasse.fr\/es\/wp-json\/wp\/v2\/users\/1"}],"replies":[{"embeddable":true,"href":"https:\/\/www.sudchasse.fr\/es\/wp-json\/wp\/v2\/comments?post=251"}],"version-history":[{"count":28,"href":"https:\/\/www.sudchasse.fr\/es\/wp-json\/wp\/v2\/pages\/251\/revisions"}],"predecessor-version":[{"id":1190,"href":"https:\/\/www.sudchasse.fr\/es\/wp-json\/wp\/v2\/pages\/251\/revisions\/1190"}],"wp:attachment":[{"href":"https:\/\/www.sudchasse.fr\/es\/wp-json\/wp\/v2\/media?parent=251"}],"curies":[{"name":"wp","href":"https:\/\/api.w.org\/{rel}","templated":true}]}}