{"id":246,"date":"2024-01-23T15:05:47","date_gmt":"2024-01-23T15:05:47","guid":{"rendered":"https:\/\/www.sudchasse.fr\/?page_id=246"},"modified":"2024-03-16T12:29:59","modified_gmt":"2024-03-16T12:29:59","slug":"avisos-legales","status":"publish","type":"page","link":"https:\/\/www.sudchasse.fr\/es\/avisos-legales","title":{"rendered":"Informaci\u00f3n jur\u00eddica"},"content":{"rendered":"<div class=\"wpb-content-wrapper\"><div data-vc-full-width=\"true\" data-vc-full-width-temp=\"true\" data-vc-full-width-init=\"false\" data-vc-stretch-content=\"true\" class=\"vc_row wpb_row vc_row-fluid tophead vc_custom_1709758321838 vc_row-o-equal-height vc_row-flex wd-rs-65e8d76af1ae7\"><div class=\"wpb_column contsejour vc_column_container vc_col-sm-6 vc_col-has-fill wd-rs-65e8d7e85e862\"><div class=\"vc_column-inner vc_custom_1709758456096\"><div class=\"wpb_wrapper\">\n\t<div  class=\"wpb_single_image wpb_content_element vc_align_left\">\n\t\t\n\t\t<figure class=\"wpb_wrapper vc_figure\">\n\t\t\t<div class=\"vc_single_image-wrapper   vc_box_border_grey\"><img decoding=\"async\" class=\"vc_single_image-img\" src=\"https:\/\/www.sudchasse.fr\/wp-content\/uploads\/2024\/03\/IMG_8225RC-scaled.jpg\" width=\"1200\" height=\"887\" alt=\"Ciervos entre el follaje en el Gers\" title=\"\" loading=\"lazy\" \/><\/div>\n\t\t<\/figure>\n\t<\/div>\n\n\t<div class=\"wpb_text_column wpb_content_element col2\" >\n\t\t<div class=\"wpb_wrapper\">\n\t\t\t<h2 style=\"text-align: right;\">Identificar<\/h2>\n<p style=\"text-align: right;\"><strong>Nombre del sitio web<\/strong> : sudchasse.fr<\/p>\n<p style=\"text-align: right;\"><strong>DIRECCI\u00d3N<\/strong> : https:\/\/sudchasse.fr.fr<\/p>\n<p style=\"text-align: right;\"><strong>Responsable de publicaciones<\/strong> : Julien Saint-Supery<\/p>\n<p style=\"text-align: right;\">Sitio web dise\u00f1ado por <a href=\"https:\/\/www.o3w.fr\" target=\"_blank\" rel=\"noopener\">O3W<\/a><\/p>\n<p style=\"text-align: right;\">Alojamiento de sitios web:<\/p>\n<h2 style=\"text-align: right;\">Situaci\u00f3n jur\u00eddica:<\/h2>\n<div class=\"FicheDonnees__description first newoffers\" style=\"text-align: right;\"><span class=\"description-txt\">negocio de comerciante personal<\/span><\/div>\n<p style=\"text-align: right;\">Sirena: 753747997<\/p>\n\n\t\t<\/div>\n\t<\/div>\n<\/div><\/div><\/div><div class=\"wpb_column mypad2 vc_column_container vc_col-sm-6 wd-z-index wd-rs-65d8ca18ab369\"><div class=\"vc_column-inner\"><div class=\"wpb_wrapper\">\t\t\t<link rel=\"stylesheet\" id=\"wd-text-block-css\" href=\"https:\/\/www.sudchasse.fr\/wp-content\/themes\/woodmart\/css\/parts\/el-text-block.min.css?ver=7.3.4\" type=\"text\/css\" media=\"all\" \/> \t\t\t\t\t<div id=\"wd-65f59004f1b93\" class=\"wd-text-block wd-wpb reset-last-child wd-rs-65f59004f1b93 text-left wd-width-custom wd-fontsize-xs vc_custom_1710592116729\">\n\t\t\t<h1><strong>Informaci\u00f3n jur\u00eddica<\/strong><\/h1>\n<h2>Condiciones de uso<\/h2>\n<p>El uso de este sitio implica la plena aceptaci\u00f3n de las condiciones generales de uso que se describen a continuaci\u00f3n. Estas condiciones de uso podr\u00e1n ser modificadas o complementadas en cualquier momento.<\/p>\n<h3>Informaci\u00f3n<\/h3>\n<p>La informaci\u00f3n y los documentos del sitio se presentan \u00fanicamente con fines informativos, sin ser exhaustivos, y no pueden comprometer la responsabilidad del propietario del sitio.<\/p>\n<p>El propietario del sitio no se hace responsable de los da\u00f1os directos o indirectos resultantes del acceso al sitio.<\/p>\n<h3>Propiedad intelectual<\/h3>\n<p>A menos que se indique lo contrario, todos los elementos accesibles en el sitio (textos, im\u00e1genes, gr\u00e1ficos, logotipos, iconos, sonidos, software, etc.) siguen siendo propiedad exclusiva de sus autores, en lo que respecta a los derechos de propiedad intelectual o derechos de autor.<br \/>\nCualquier reproducci\u00f3n, representaci\u00f3n, modificaci\u00f3n, publicaci\u00f3n, adaptaci\u00f3n de todo o parte de los elementos del sitio, cualquiera que sea el medio o proceso utilizado, est\u00e1 prohibida sin el permiso previo por escrito del autor.<br \/>\nCualquier uso no autorizado del sitio o de cualquiera de los elementos que contiene se considera una infracci\u00f3n y puede ser objeto de acciones penales. Las marcas y logotipos reproducidos en el sitio est\u00e1n registrados por las empresas propietarias de los mismos.<\/p>\n<h3>Enlaces salientes<\/h3>\n<p>El propietario del sitio declina toda responsabilidad y no se compromete a hacer referencias mediante enlaces hipertextuales a recursos de terceros presentes en Internet, tanto por su contenido como por su relevancia.<\/p>\n<h3>Enlaces entrantes<\/h3>\n<p>El propietario del sitio autoriza los enlaces de hipertexto hacia una de las p\u00e1ginas de este sitio, siempre que se abran en una nueva ventana y se presenten de forma inequ\u00edvoca con el fin de evitar:<br \/>\n\u2022 cualquier riesgo de confusi\u00f3n entre el sitio que cita y el propietario del sitio<br \/>\n\u2022 as\u00ed como cualquier presentaci\u00f3n tendenciosa, o contraria a las leyes vigentes.<br \/>\nEl propietario del sitio se reserva el derecho de solicitar la eliminaci\u00f3n de un enlace si considera que el sitio de origen no respeta las reglas as\u00ed definidas.<\/p>\n<h3>Confidencialidad<\/h3>\n<p>Cualquier usuario tiene derecho de acceso, rectificaci\u00f3n y oposici\u00f3n a los datos personales que le conciernen, mediante solicitud escrita y firmada, acompa\u00f1ada de un documento acreditativo de su identidad.<\/p>\n\t\t<\/div>\n\t\t<\/div><\/div><\/div><\/div><div class=\"vc_row-full-width vc_clearfix\"><\/div>\n<\/div>","protected":false},"excerpt":{"rendered":"Identidad Nombre del sitio web: sudchasse.fr Direcci\u00f3n: https:\/\/sudchasse.fr.fr Responsable de la publicaci\u00f3n: Julien Saint Supery Sitio web dise\u00f1ado","protected":false},"author":1,"featured_media":0,"parent":0,"menu_order":16,"comment_status":"closed","ping_status":"closed","template":"","meta":{"footnotes":""},"class_list":["post-246","page","type-page","status-publish","hentry"],"_links":{"self":[{"href":"https:\/\/www.sudchasse.fr\/es\/wp-json\/wp\/v2\/pages\/246","targetHints":{"allow":["GET"]}}],"collection":[{"href":"https:\/\/www.sudchasse.fr\/es\/wp-json\/wp\/v2\/pages"}],"about":[{"href":"https:\/\/www.sudchasse.fr\/es\/wp-json\/wp\/v2\/types\/page"}],"author":[{"embeddable":true,"href":"https:\/\/www.sudchasse.fr\/es\/wp-json\/wp\/v2\/users\/1"}],"replies":[{"embeddable":true,"href":"https:\/\/www.sudchasse.fr\/es\/wp-json\/wp\/v2\/comments?post=246"}],"version-history":[{"count":18,"href":"https:\/\/www.sudchasse.fr\/es\/wp-json\/wp\/v2\/pages\/246\/revisions"}],"predecessor-version":[{"id":932,"href":"https:\/\/www.sudchasse.fr\/es\/wp-json\/wp\/v2\/pages\/246\/revisions\/932"}],"wp:attachment":[{"href":"https:\/\/www.sudchasse.fr\/es\/wp-json\/wp\/v2\/media?parent=246"}],"curies":[{"name":"wp","href":"https:\/\/api.w.org\/{rel}","templated":true}]}}