{"id":379,"date":"2024-02-26T11:40:18","date_gmt":"2024-02-26T11:40:18","guid":{"rendered":"https:\/\/www.sudchasse.fr\/?page_id=379"},"modified":"2025-11-21T20:18:41","modified_gmt":"2025-11-21T20:18:41","slug":"roe-deer-hunting","status":"publish","type":"page","link":"https:\/\/www.sudchasse.fr\/en\/roe-deer-hunting","title":{"rendered":"Chasse d&rsquo;\u00e9t\u00e9 du brocard dans le Gers"},"content":{"rendered":"<div class=\"wpb-content-wrapper\"><div data-vc-full-width=\"true\" data-vc-full-width-temp=\"true\" data-vc-full-width-init=\"false\" data-vc-stretch-content=\"true\" class=\"vc_row wpb_row vc_row-fluid tophead vc_custom_1712818544459 vc_row-o-equal-height vc_row-flex row-reverse-mobile wd-rs-661789689e837\"><div class=\"wpb_column contsejour vc_column_container vc_col-sm-6 vc_col-has-fill wd-rs-65e8d7e85e862\"><div class=\"vc_column-inner vc_custom_1709758456096\"><div class=\"wpb_wrapper\"><div class=\"avt_masterslider_el\" >\n\t\t<!-- MasterSlider -->\n\t\t<div id=\"P_MS690c99d1c1735\" class=\"master-slider-parent ms-parent-id-6\" style=\"max-width:1000px;\" >\n\n\t\t\t\n\t\t\t<!-- MasterSlider Main -->\n\t\t\t<div id=\"MS690c99d1c1735\" class=\"master-slider ms-skin-default\" >\n\t\t\t\t \t\t\t\t \n\t\t\t<div  class=\"ms-slide\" data-delay=\"3\" data-fill-mode=\"fill\"   >\n\t\t\t\t\t<img decoding=\"async\" src=\"https:\/\/www.sudchasse.fr\/wp-content\/plugins\/masterslider\/public\/assets\/css\/blank.gif\" alt=\"\" title=\"IMG_2755\" data-src=\"https:\/\/www.sudchasse.fr\/wp-content\/uploads\/2024\/11\/IMG_2755.JPEG\" \/>\n\n\n\t\t\t\t<\/div>\n\t\t\t<div  class=\"ms-slide\" data-delay=\"3\" data-fill-mode=\"fill\"   >\n\t\t\t\t\t<img decoding=\"async\" src=\"https:\/\/www.sudchasse.fr\/wp-content\/plugins\/masterslider\/public\/assets\/css\/blank.gif\" alt=\"\" title=\"_MG_4834 2\" data-src=\"https:\/\/www.sudchasse.fr\/wp-content\/uploads\/2025\/11\/MG_4834-2.JPG\" \/>\n\n\n\t\t\t\t<\/div>\n\t\t\t<div  class=\"ms-slide\" data-delay=\"3\" data-fill-mode=\"fill\"   >\n\t\t\t\t\t<img decoding=\"async\" src=\"https:\/\/www.sudchasse.fr\/wp-content\/plugins\/masterslider\/public\/assets\/css\/blank.gif\" alt=\"\" title=\"IMG_1019rt\" data-src=\"https:\/\/www.sudchasse.fr\/wp-content\/uploads\/2024\/11\/IMG_1019rt.jpg\" \/>\n\n\n\t\t\t\t<\/div>\n\t\t\t<div  class=\"ms-slide\" data-delay=\"3\" data-fill-mode=\"fill\"   >\n\t\t\t\t\t<img decoding=\"async\" src=\"https:\/\/www.sudchasse.fr\/wp-content\/plugins\/masterslider\/public\/assets\/css\/blank.gif\" alt=\"\" title=\"IMG_9755\" data-src=\"https:\/\/www.sudchasse.fr\/wp-content\/uploads\/2024\/11\/IMG_9755.JPEG\" \/>\n\n\n\t\t\t\t<\/div>\n\t\t\t<div  class=\"ms-slide\" data-delay=\"3\" data-fill-mode=\"fill\"   >\n\t\t\t\t\t<img decoding=\"async\" src=\"https:\/\/www.sudchasse.fr\/wp-content\/plugins\/masterslider\/public\/assets\/css\/blank.gif\" alt=\"\" title=\"IMG_6948\" data-src=\"https:\/\/www.sudchasse.fr\/wp-content\/uploads\/2024\/11\/IMG_6948.jpg\" \/>\n\n\n\t\t\t\t<\/div>\n\t\t\t<div  class=\"ms-slide\" data-delay=\"3\" data-fill-mode=\"fill\"   >\n\t\t\t\t\t<img decoding=\"async\" src=\"https:\/\/www.sudchasse.fr\/wp-content\/plugins\/masterslider\/public\/assets\/css\/blank.gif\" alt=\"\" title=\"IMG_3361\" data-src=\"https:\/\/www.sudchasse.fr\/wp-content\/uploads\/2024\/11\/IMG_3361.JPG\" \/>\n\n\n\t\t\t\t<\/div>\n\t\t\t<div  class=\"ms-slide\" data-delay=\"3\" data-fill-mode=\"fill\"   >\n\t\t\t\t\t<img decoding=\"async\" src=\"https:\/\/www.sudchasse.fr\/wp-content\/plugins\/masterslider\/public\/assets\/css\/blank.gif\" alt=\"\" title=\"90dd40cc-572f-486e-a908-bdf1009d9d4c\" data-src=\"https:\/\/www.sudchasse.fr\/wp-content\/uploads\/2024\/11\/90dd40cc-572f-486e-a908-bdf1009d9d4c.jpg\" \/>\n\n\n\t\t\t\t<\/div>\n\t\t\t<div  class=\"ms-slide\" data-delay=\"3\" data-fill-mode=\"fill\"   >\n\t\t\t\t\t<img decoding=\"async\" src=\"https:\/\/www.sudchasse.fr\/wp-content\/plugins\/masterslider\/public\/assets\/css\/blank.gif\" alt=\"\" title=\"IMG_8434\" data-src=\"https:\/\/www.sudchasse.fr\/wp-content\/uploads\/2024\/11\/IMG_8434.JPEG\" \/>\n\n\n\t\t\t\t<\/div>\n\n\t\t\t<\/div>\n\t\t\t<!-- END MasterSlider Main -->\n\n\t\t\t \n\t\t<\/div>\n\t\t<!-- END MasterSlider -->\n\n\t\t<script>\n\t\t( window.MSReady = window.MSReady || [] ).push( function( $ ) {\n\n\t\t\t\"use strict\";\n\t\t\tvar masterslider_1735 = new MasterSlider();\n\n\t\t\t\/\/ slider controls\n\t\t\tmasterslider_1735.control('arrows'     ,{ autohide:true, overVideo:false  });\n\t\t\t\/\/ slider setup\n\t\t\tmasterslider_1735.setup(\"MS690c99d1c1735\", {\n\t\t\t\twidth           : 1000,\n\t\t\t\theight          : 750,\n\t\t\t\tminHeight       : 0,\n\t\t\t\tspace           : 0,\n\t\t\t\tstart           : 1,\n\t\t\t\tgrabCursor      : true,\n\t\t\t\tswipe           : true,\n\t\t\t\tmouse           : true,\n\t\t\t\tkeyboard        : true,\n\t\t\t\tlayout          : \"boxed\",\n\t\t\t\twheel           : false,\n\t\t\t\tautoplay        : true,\n                instantStartLayers:false,\n\t\t\t\tmobileBGVideo:false,\n\t\t\t\tloop            : true,\n\t\t\t\tshuffle         : false,\n\t\t\t\tpreload         : 0,\n\t\t\t\theightLimit     : true,\n\t\t\t\tautoHeight      : false,\n\t\t\t\tsmoothHeight    : true,\n\t\t\t\tendPause        : false,\n\t\t\t\toverPause       : false,\n\t\t\t\tfillMode        : \"fill\",\n\t\t\t\tcenterControls  : true,\n\t\t\t\tstartOnAppear   : false,\n\t\t\t\tlayersMode      : \"center\",\n\t\t\t\tautofillTarget  : \"\",\n\t\t\t\thideLayers      : false,\n\t\t\t\tfullscreenMargin: 0,\n\t\t\t\tspeed           : 4,\n\t\t\t\tdir             : \"h\",\n\t\t\t\tresponsive      : true,\n\t\t\t\ttabletWidth     : 768,\n\t\t\t\ttabletHeight    : null,\n\t\t\t\tphoneWidth      : 480,\n\t\t\t\tphoneHeight    : null,\n\t\t\t\tsizingReference : window,\n\t\t\t\tparallaxMode    : 'swipe',\n\t\t\t\tview            : \"fade\"\n\t\t\t});\n\n\t\t\t\n\t\t\twindow.masterslider_instances = window.masterslider_instances || [];\n\t\t\twindow.masterslider_instances.push( masterslider_1735 );\n\t\t});\n\t\t<\/script>\n\n<\/div>\n\t<div class=\"wpb_text_column wpb_content_element col1\" >\n\t\t<div class=\"wpb_wrapper\">\n\t\t\t<h2 class=\"bigh2\" style=\"text-align: right;\">Practical info<\/h2>\n<p style=\"text-align: right;\">- <strong>Roe Deer Hunting Every Day from Early June to Mid-September<\/strong><br \/>\n- Departments: 32, 64, 24<br \/>\n- Accommodation in a vacation rental or bed and breakfast<br \/>\n- Temporary permit: 3 or 9 days<br \/>\n- Recommended rifles: 243, 270, 7\u00d764, 7rm<\/p>\n\n\t\t<\/div>\n\t<\/div>\n\n\t<div class=\"wpb_text_column wpb_content_element col2\" >\n\t\t<div class=\"wpb_wrapper\">\n\t\t\t<h2 class=\"bigh2\" style=\"text-align: right;\">Tailor-made services<\/h2>\n<p>- Guided hunt<br \/>\n- Full-board accommodation booking<br \/>\n- Temporary hunting permits<br \/>\n- <a class=\"popgun\" href=\"#\">Weapon rental<\/a><br \/>\n- Supplementary insurance<br \/>\n- Trophies, taxidermy<\/p>\n\n\t\t<\/div>\n\t<\/div>\n<\/div><\/div><\/div><div class=\"wpb_column mypad2 vc_column_container vc_col-sm-6 wd-z-index wd-rs-65d8ca18ab369\"><div class=\"vc_column-inner\"><div class=\"wpb_wrapper\">\t\t\t<link rel=\"stylesheet\" id=\"wd-text-block-css\" href=\"https:\/\/www.sudchasse.fr\/wp-content\/themes\/woodmart\/css\/parts\/el-text-block.min.css?ver=7.3.4\" type=\"text\/css\" media=\"all\" \/> \t\t\t\t\t<div id=\"wd-6920c877049a1\" class=\"wd-text-block wd-wpb reset-last-child wd-rs-6920c877049a1 text-left wd-width-custom wd-fontsize-xs vc_custom_1763756219064\">\n\t\t\t<h1><strong>Roe Deer Hunting in the Gers<\/strong><br \/>\nRoe Deer Stalking<\/h1>\n<p>The South-West and in particular the Gers are renowned for the quality of their roe deer. Roe deer find a rich and diverse biotope there. Our hunting grounds are located in the Gers, but also in the Pyr\u00e9n\u00e9es Atlantiques. We choose hilly areas, where it is possible to observe and identify animals from afar, and to approach them in the best conditions. We have around a hundred open areas with surface areas ranging from 500 to 5000 hectares, made up of hillsides and wooded hills, interspersed with meadows, cereal crops and hedges.<\/p>\n<h2>Roe Deer Stalking in Gascony<\/h2>\n<p>The hunt is conducted under the guidance of the guide, whose approval must be obtained before any shot is taken. The hunting area is explored mainly on foot in order to observe numerous roe deer and select the animal to be harvested. It is generally possible to have at least one shooting opportunity per outing on an adult roebuck.<\/p>\n<p>A typical day's hunting for red deer lasts 6 hours, with one outing in the morning and one in the evening.<\/p>\n<h3>Formula 2 hunters 1 guide<\/h3>\n<p>We also offer summer buck hunting in pairs, i.e. 2 hunters\/1 guide. This formula allows one of the hunters to go alone in \u201cfree hunting\u201d under the responsibility of the guide after having delimited the hunting area.<\/p>\n<h2>Trophies<\/h2>\n<p>Les troph\u00e9es rencontr\u00e9s peuvent \u00eatre tr\u00e8s bons, c\u2019est pourquoi les brocards de 350 grammes sont fr\u00e9quents. Nous pr\u00e9levons chaque saison plusieurs sujets atteignant les 500 grammes, voire plus. Cependant, ces derniers repr\u00e9sentent environ 15% des brocards pr\u00e9lev\u00e9s.<\/p>\n<p>As for the rating of the trophies, an estimate will be made on site, however it is only after official rating in CIC points that the trophy will be approved.<\/p>\n<h2>Management<\/h2>\n<p>Les territoires que nous mettons \u00e0 votre disposition sont en grande majorit\u00e9 g\u00e9r\u00e9s par nos soins et ce depuis de nombreuses ann\u00e9es. Sur certains d&rsquo;entre eux nous avons la gestion exclusive du plan de chasse et de ce fait les brocards adulte sont \u00e9pargn\u00e9s notamment lors des battues d&rsquo;hiver et le tir des brocards ne repr\u00e9sentent que 10 \u00e0 15 % maximum de l&rsquo;ensemble des pr\u00e9l\u00e8vements. De ce fait nous retrouvons chaque saison sur nos zones de magnifiques sujets.<\/p>\n<p>La chasse au brocard dans le Gers est reconnue depuis de nombreuse ann\u00e9es, alors n&rsquo;h\u00e9sitez plus!<\/p>\n\t\t<\/div>\n\t\t<div id=\"wd-65f56cc4c09fa\" class=\"wd-rs-65f56cc4c09fa  wd-button-wrapper text-center inline-element\"><a href=\"#\" title=\"a propos\" class=\"btn btn-color-primary btn-style-default btn-style-round btn-size-default sejtrig\">Tailor-made quote<\/a><\/div><div id=\"wd-65f571329840f\" class=\"wd-rs-65f571329840f  wd-button-wrapper text-center inline-element\"><a href=\"https:\/\/www.sudchasse.fr\/en\/gift-card\/\" title=\"Gift card\" class=\"btn btn-color-default btn-style-bordered btn-style-round btn-size-default\">Gift card<\/a><\/div><\/div><\/div><\/div><\/div><div class=\"vc_row-full-width vc_clearfix\"><\/div><div class=\"vc_row wpb_row vc_row-fluid blackbox vc_custom_1708970954406 vc_row-has-fill wd-rs-65dcd3c002ced wd-section-stretch\"><div class=\"wpb_column vc_column_container vc_col-sm-12\"><div class=\"vc_column-inner\"><div class=\"wpb_wrapper\">\n\t<div class=\"wpb_text_column wpb_content_element color-scheme-light\" >\n\t\t<div class=\"wpb_wrapper\">\n\t\t\t<h2 style=\"text-align: center;\">Our partner accommodations for roe deer hunting in the Gers and the Pyrenees<\/h2>\n\n\t\t<\/div>\n\t<\/div>\n<\/div><\/div><\/div><\/div><div class=\"vc_row wpb_row vc_row-fluid gibiers vc_custom_1709802963875 vc_row-has-fill vc_column-gap-5 wd-rs-65e985cd97032 wd-section-stretch\"><div class=\"wpb_column vc_column_container vc_col-sm-3\"><div class=\"vc_column-inner\"><div class=\"wpb_wrapper\">\n\t<div  class=\"wpb_single_image wpb_content_element vc_align_left\">\n\t\t\n\t\t<figure class=\"wpb_wrapper vc_figure\">\n\t\t\t<div class=\"vc_single_image-wrapper vc_box_rounded  vc_box_border_grey\"><img decoding=\"async\" class=\"vc_single_image-img\" src=\"https:\/\/www.sudchasse.fr\/wp-content\/uploads\/2024\/03\/repos-600x400.jpg\" width=\"600\" height=\"400\" alt=\"A sunny, tranquil afternoon in a charming country house with sun loungers ready for a relaxing day amid lush greenery, perfect for a hunting break in France.\" title=\"\" loading=\"lazy\" \/><\/div>\n\t\t<\/figure>\n\t<\/div>\n\n\t<div class=\"wpb_text_column wpb_content_element\" >\n\t\t<div class=\"wpb_wrapper\">\n\t\t\t<h2 style=\"text-align: center;\">Les G\u00eetes du Cont\u00e9<br \/>\nat Lasseube-Propre (Gers)<\/h2>\n<p style=\"text-align: center;\">Located in the commune of Lasseube-Propre, C\u00e9cile welcomes you to her g\u00eetes. With room for dozens of people, the entire space is reserved for you, and you can also enjoy a large park and outdoor swimming pool.<\/p>\n\n\t\t<\/div>\n\t<\/div>\n<\/div><\/div><\/div><div class=\"wpb_column vc_column_container vc_col-sm-3\"><div class=\"vc_column-inner\"><div class=\"wpb_wrapper\">\n\t<div  class=\"wpb_single_image wpb_content_element vc_align_left\">\n\t\t\n\t\t<figure class=\"wpb_wrapper vc_figure\">\n\t\t\t<div class=\"vc_single_image-wrapper vc_box_rounded  vc_box_border_grey\"><img decoding=\"async\" class=\"vc_single_image-img\" src=\"https:\/\/www.sudchasse.fr\/wp-content\/uploads\/2024\/03\/2-600x400.jpg\" width=\"600\" height=\"400\" alt=\"Cosy attic room with tropical-themed bedspread, exposed beams and period stone wall, creating a blend of rustic charm and modern comforts for an idyllic hunting break\" title=\"\" loading=\"lazy\" \/><\/div>\n\t\t<\/figure>\n\t<\/div>\n\n\t<div class=\"wpb_text_column wpb_content_element\" >\n\t\t<div class=\"wpb_wrapper\">\n\t\t\t<h2 style=\"text-align: center;\">A-mi chemin Guest House<br \/>\nin B\u00e9arn<\/h2>\n<p style=\"text-align: center;\">Miriam welcomes you all year round in a quiet, authentic setting, but with all the comforts of modern, elegant rooms. You can also sample regional dishes between two approaches to the brocades, all in a warm and friendly atmosphere.<\/p>\n\n\t\t<\/div>\n\t<\/div>\n<\/div><\/div><\/div><div class=\"wpb_column vc_column_container vc_col-sm-3\"><div class=\"vc_column-inner\"><div class=\"wpb_wrapper\">\n\t<div  class=\"wpb_single_image wpb_content_element vc_align_left\">\n\t\t\n\t\t<figure class=\"wpb_wrapper vc_figure\">\n\t\t\t<div class=\"vc_single_image-wrapper vc_box_rounded  vc_box_border_grey\"><img decoding=\"async\" class=\"vc_single_image-img\" src=\"https:\/\/www.sudchasse.fr\/wp-content\/uploads\/2024\/04\/310733524_683751296787451_3794812881492914592_n-600x400.jpg\" width=\"600\" height=\"400\" alt=\"\" title=\"\" loading=\"lazy\" \/><\/div>\n\t\t<\/figure>\n\t<\/div>\n\n\t<div class=\"wpb_text_column wpb_content_element\" >\n\t\t<div class=\"wpb_wrapper\">\n\t\t\t<h2 style=\"text-align: center;\">3-star guest rooms<br \/>\nTo the President in Mirande<\/h2>\n<p style=\"text-align: center;\">In the heart of the Gers, Jacques Piquemil welcomes you to his charming guest rooms classified 3 \u00e9pis. You will appreciate the warm welcome of the owner and benefit from a green and relaxing setting<\/p>\n\n\t\t<\/div>\n\t<\/div>\n<\/div><\/div><\/div><div class=\"wpb_column vc_column_container vc_col-sm-3\"><div class=\"vc_column-inner\"><div class=\"wpb_wrapper\"><\/div><\/div><\/div><\/div>\n<\/div>","protected":false},"excerpt":{"rendered":"\u200bInfos pratiques \u2013 Chasse du Brocard tous les jours de d\u00e9but juin \u00e0 mi-septembre - D\u00e9partements : 32, 64, 24","protected":false},"author":1,"featured_media":0,"parent":0,"menu_order":8,"comment_status":"closed","ping_status":"closed","template":"","meta":{"footnotes":""},"class_list":["post-379","page","type-page","status-publish","hentry"],"_links":{"self":[{"href":"https:\/\/www.sudchasse.fr\/en\/wp-json\/wp\/v2\/pages\/379","targetHints":{"allow":["GET"]}}],"collection":[{"href":"https:\/\/www.sudchasse.fr\/en\/wp-json\/wp\/v2\/pages"}],"about":[{"href":"https:\/\/www.sudchasse.fr\/en\/wp-json\/wp\/v2\/types\/page"}],"author":[{"embeddable":true,"href":"https:\/\/www.sudchasse.fr\/en\/wp-json\/wp\/v2\/users\/1"}],"replies":[{"embeddable":true,"href":"https:\/\/www.sudchasse.fr\/en\/wp-json\/wp\/v2\/comments?post=379"}],"version-history":[{"count":66,"href":"https:\/\/www.sudchasse.fr\/en\/wp-json\/wp\/v2\/pages\/379\/revisions"}],"predecessor-version":[{"id":1631,"href":"https:\/\/www.sudchasse.fr\/en\/wp-json\/wp\/v2\/pages\/379\/revisions\/1631"}],"wp:attachment":[{"href":"https:\/\/www.sudchasse.fr\/en\/wp-json\/wp\/v2\/media?parent=379"}],"curies":[{"name":"wp","href":"https:\/\/api.w.org\/{rel}","templated":true}]}}