{"id":1094,"date":"2024-03-28T17:29:51","date_gmt":"2024-03-28T17:29:51","guid":{"rendered":"https:\/\/www.sudchasse.fr\/chasse-du-brocard-2"},"modified":"2025-01-28T14:09:38","modified_gmt":"2025-01-28T14:09:38","slug":"winter-deer-hunting","status":"publish","type":"page","link":"https:\/\/www.sudchasse.fr\/en\/winter-deer-hunting","title":{"rendered":"Deer hunting in winter"},"content":{"rendered":"<div class=\"wpb-content-wrapper\"><div data-vc-full-width=\"true\" data-vc-full-width-temp=\"true\" data-vc-full-width-init=\"false\" data-vc-stretch-content=\"true\" class=\"vc_row wpb_row vc_row-fluid tophead vc_custom_1712818444879 vc_row-o-equal-height vc_row-flex row-reverse-mobile wd-rs-661789038da96\"><div class=\"wpb_column contsejour vc_column_container vc_col-sm-6 vc_col-has-fill wd-rs-65e8d7e85e862\"><div class=\"vc_column-inner vc_custom_1709758456096\"><div class=\"wpb_wrapper\"><div class=\"avt_masterslider_el\" >\n\t\t<!-- MasterSlider -->\n\t\t<div id=\"P_MS673b29d5563c1\" class=\"master-slider-parent ms-parent-id-11\" style=\"max-width:1000px;\" >\n\n\t\t\t\n\t\t\t<!-- MasterSlider Main -->\n\t\t\t<div id=\"MS673b29d5563c1\" class=\"master-slider ms-skin-default\" >\n\t\t\t\t \t\t\t\t \n\t\t\t<div  class=\"ms-slide\" data-delay=\"3\" data-fill-mode=\"fill\"   >\n\t\t\t\t\t<img decoding=\"async\" src=\"https:\/\/www.sudchasse.fr\/wp-content\/plugins\/masterslider\/public\/assets\/css\/blank.gif\" alt=\"\" title=\"IMG_2007\" data-src=\"https:\/\/www.sudchasse.fr\/wp-content\/uploads\/2024\/11\/IMG_2007-1.JPEG\" \/>\n\n\n\t\t\t\t<\/div>\n\t\t\t<div  class=\"ms-slide\" data-delay=\"3\" data-fill-mode=\"fill\"   >\n\t\t\t\t\t<img decoding=\"async\" src=\"https:\/\/www.sudchasse.fr\/wp-content\/plugins\/masterslider\/public\/assets\/css\/blank.gif\" alt=\"\" title=\"IMG_1967\" data-src=\"https:\/\/www.sudchasse.fr\/wp-content\/uploads\/2024\/11\/IMG_1967.jpg\" \/>\n\n\n\t\t\t\t<\/div>\n\t\t\t<div  class=\"ms-slide\" data-delay=\"3\" data-fill-mode=\"fill\"   >\n\t\t\t\t\t<img decoding=\"async\" src=\"https:\/\/www.sudchasse.fr\/wp-content\/plugins\/masterslider\/public\/assets\/css\/blank.gif\" alt=\"\" title=\"DSCN0445\" data-src=\"https:\/\/www.sudchasse.fr\/wp-content\/uploads\/2024\/11\/DSCN0445.JPG\" \/>\n\n\n\t\t\t\t<\/div>\n\t\t\t<div  class=\"ms-slide\" data-delay=\"3\" data-fill-mode=\"fill\"   >\n\t\t\t\t\t<img decoding=\"async\" src=\"https:\/\/www.sudchasse.fr\/wp-content\/plugins\/masterslider\/public\/assets\/css\/blank.gif\" alt=\"\" title=\"IMG_3438\" data-src=\"https:\/\/www.sudchasse.fr\/wp-content\/uploads\/2024\/11\/IMG_3438.JPG\" \/>\n\n\n\t\t\t\t<\/div>\n\t\t\t<div  class=\"ms-slide\" data-delay=\"3\" data-fill-mode=\"fill\"   >\n\t\t\t\t\t<img decoding=\"async\" src=\"https:\/\/www.sudchasse.fr\/wp-content\/plugins\/masterslider\/public\/assets\/css\/blank.gif\" alt=\"\" title=\"IMG_4438\" data-src=\"https:\/\/www.sudchasse.fr\/wp-content\/uploads\/2024\/11\/IMG_4438.JPG\" \/>\n\n\n\t\t\t\t<\/div>\n\t\t\t<div  class=\"ms-slide\" data-delay=\"3\" data-fill-mode=\"fill\"   >\n\t\t\t\t\t<img decoding=\"async\" src=\"https:\/\/www.sudchasse.fr\/wp-content\/plugins\/masterslider\/public\/assets\/css\/blank.gif\" alt=\"\" title=\"IMG_3797\" data-src=\"https:\/\/www.sudchasse.fr\/wp-content\/uploads\/2024\/11\/IMG_3797.JPG\" \/>\n\n\n\t\t\t\t<\/div>\n\n\t\t\t<\/div>\n\t\t\t<!-- END MasterSlider Main -->\n\n\t\t\t \n\t\t<\/div>\n\t\t<!-- END MasterSlider -->\n\n\t\t<script>\n\t\t( window.MSReady = window.MSReady || [] ).push( function( $ ) {\n\n\t\t\t\"use strict\";\n\t\t\tvar masterslider_63c1 = new MasterSlider();\n\n\t\t\t\/\/ slider controls\n\t\t\tmasterslider_63c1.control('arrows'     ,{ autohide:true, overVideo:false  });\n\t\t\t\/\/ slider setup\n\t\t\tmasterslider_63c1.setup(\"MS673b29d5563c1\", {\n\t\t\t\twidth           : 1000,\n\t\t\t\theight          : 750,\n\t\t\t\tminHeight       : 0,\n\t\t\t\tspace           : 0,\n\t\t\t\tstart           : 1,\n\t\t\t\tgrabCursor      : true,\n\t\t\t\tswipe           : true,\n\t\t\t\tmouse           : true,\n\t\t\t\tkeyboard        : true,\n\t\t\t\tlayout          : \"boxed\",\n\t\t\t\twheel           : false,\n\t\t\t\tautoplay        : true,\n                instantStartLayers:false,\n\t\t\t\tmobileBGVideo:false,\n\t\t\t\tloop            : true,\n\t\t\t\tshuffle         : false,\n\t\t\t\tpreload         : 0,\n\t\t\t\theightLimit     : true,\n\t\t\t\tautoHeight      : false,\n\t\t\t\tsmoothHeight    : true,\n\t\t\t\tendPause        : false,\n\t\t\t\toverPause       : false,\n\t\t\t\tfillMode        : \"fill\",\n\t\t\t\tcenterControls  : true,\n\t\t\t\tstartOnAppear   : false,\n\t\t\t\tlayersMode      : \"center\",\n\t\t\t\tautofillTarget  : \"\",\n\t\t\t\thideLayers      : false,\n\t\t\t\tfullscreenMargin: 0,\n\t\t\t\tspeed           : 1,\n\t\t\t\tdir             : \"h\",\n\t\t\t\tresponsive      : true,\n\t\t\t\ttabletWidth     : 768,\n\t\t\t\ttabletHeight    : null,\n\t\t\t\tphoneWidth      : 480,\n\t\t\t\tphoneHeight    : null,\n\t\t\t\tsizingReference : window,\n\t\t\t\tparallaxMode    : 'swipe',\n\t\t\t\tview            : \"fade\"\n\t\t\t});\n\n\t\t\t\n\t\t\twindow.masterslider_instances = window.masterslider_instances || [];\n\t\t\twindow.masterslider_instances.push( masterslider_63c1 );\n\t\t});\n\t\t<\/script>\n\n<\/div>\n\t<div class=\"wpb_text_column wpb_content_element col1\" >\n\t\t<div class=\"wpb_wrapper\">\n\t\t\t<h2 class=\"bigh2\" style=\"text-align: right;\">Practical info<\/h2>\n<p style=\"text-align: right;\">- <strong>Hunting every day from December to February<\/strong><br \/>\n\u2013 Departments: 32<br \/>\n- Accommodation in a vacation rental or bed and breakfast<br \/>\n- Recommended rifles: 243, 270, 7\u00d764, 7rm<\/p>\n\n\t\t<\/div>\n\t<\/div>\n\n\t<div class=\"wpb_text_column wpb_content_element col2\" >\n\t\t<div class=\"wpb_wrapper\">\n\t\t\t<h2 class=\"bigh2\">Tailor-made services<\/h2>\n<p>\u2013 Guided hunting<br \/>\n\u2013 Full board accommodation booking<br \/>\n\u2013 Temporary hunting permits request<br \/>\n- <a class=\"popgun\" href=\"#\">Weapon rental<\/a><br \/>\n- Complementary insurance<\/p>\n\n\t\t<\/div>\n\t<\/div>\n<\/div><\/div><\/div><div class=\"wpb_column mypad2 vc_column_container vc_col-sm-6 wd-z-index wd-rs-65d8ca18ab369\"><div class=\"vc_column-inner\"><div class=\"wpb_wrapper\">\t\t\t<link rel=\"stylesheet\" id=\"wd-text-block-css\" href=\"https:\/\/www.sudchasse.fr\/wp-content\/themes\/woodmart\/css\/parts\/el-text-block.min.css?ver=7.3.4\" type=\"text\/css\" media=\"all\" \/> \t\t\t\t\t<div id=\"wd-6798e3bc0aab6\" class=\"wd-text-block wd-wpb reset-last-child wd-rs-6798e3bc0aab6 text-left wd-width-custom wd-fontsize-xs vc_custom_1738073341603\">\n\t\t\t<h1><strong>Roedeer winter hunting <\/strong><br \/>\nin Gascony<\/h1>\n<p>Roe deer stalking is not exclusively a summer activity. It can also be practiced in winter, and it is just as exciting.<\/p>\n<p>From December to February, roe deer stalking can be practiced every day and it is possible to hunt a large part of the day depending on the weather. February is a very good month to approach the herds of roe deer that spend the day in the middle of the corn and wheat fields. A great end-of-season hunt!<\/p>\n<h2>The course of the hunt<\/h2>\n<p>You will hunt in the company of a professional or local guide, who will take you by vehicle to the hunting area. The duration of the outing will depend on the weather conditions; it may range from two outings per day (morning and evening) to a full day. You may shoot any roe deer you encounter, with the exception of bucks still in velvet. This is primarily a selective hunt, and most animals taken will be young ones. A cold room is available to store and process the game.<\/p>\n<p>This hunt will allow you to discover our Gers territories at a very affordable price.<\/p>\n<p>For optimal comfort during your stay, you will be accommodated in a guesthouse or an independent rural cottage located near the hunting areas, where full board can be provided upon request.<\/p>\n<p>Venison can be included upon request.<\/p>\n\t\t<\/div>\n\t\t<div id=\"wd-65f56cc4c09fa\" class=\"wd-rs-65f56cc4c09fa  wd-button-wrapper text-center inline-element\"><a href=\"#\" title=\"a propos\" class=\"btn btn-color-primary btn-style-default btn-style-round btn-size-default sejtrig\">Tailor-made quote<\/a><\/div><div id=\"wd-65f571329840f\" class=\"wd-rs-65f571329840f  wd-button-wrapper text-center inline-element\"><a href=\"https:\/\/www.sudchasse.fr\/en\/gift-card\/\" title=\"Gift card\" class=\"btn btn-color-default btn-style-bordered btn-style-round btn-size-default\">Gift card<\/a><\/div><\/div><\/div><\/div><\/div><div class=\"vc_row-full-width vc_clearfix\"><\/div><div class=\"vc_row wpb_row vc_row-fluid blackbox vc_custom_1708970954406 vc_row-has-fill wd-rs-65dcd3c002ced wd-section-stretch\"><div class=\"wpb_column vc_column_container vc_col-sm-12\"><div class=\"vc_column-inner\"><div class=\"wpb_wrapper\">\n\t<div class=\"wpb_text_column wpb_content_element color-scheme-light\" >\n\t\t<div class=\"wpb_wrapper\">\n\t\t\t<h2 style=\"text-align: center;\">Our partner accommodations<\/h2>\n\n\t\t<\/div>\n\t<\/div>\n<\/div><\/div><\/div><\/div><div class=\"vc_row wpb_row vc_row-fluid gibiers vc_custom_1709802963875 vc_row-has-fill vc_column-gap-5 wd-rs-65e985cd97032 wd-section-stretch\"><div class=\"wpb_column vc_column_container vc_col-sm-3\"><div class=\"vc_column-inner\"><div class=\"wpb_wrapper\">\n\t<div  class=\"wpb_single_image wpb_content_element vc_align_left\">\n\t\t\n\t\t<figure class=\"wpb_wrapper vc_figure\">\n\t\t\t<div class=\"vc_single_image-wrapper vc_box_rounded  vc_box_border_grey\"><img decoding=\"async\" class=\"vc_single_image-img\" src=\"https:\/\/www.sudchasse.fr\/wp-content\/uploads\/2024\/03\/repos-600x400.jpg\" width=\"600\" height=\"400\" alt=\"A sunny, tranquil afternoon in a charming country house with sun loungers ready for a relaxing day amid lush greenery, perfect for a hunting break in France.\" title=\"\" loading=\"lazy\" \/><\/div>\n\t\t<\/figure>\n\t<\/div>\n\n\t<div class=\"wpb_text_column wpb_content_element\" >\n\t\t<div class=\"wpb_wrapper\">\n\t\t\t<h2 style=\"text-align: center;\">Les G\u00eetes du Cont\u00e9<br \/>\nat Lasseube-Propre (Gers)<\/h2>\n<p style=\"text-align: center;\">Located in the commune of Lasseube-Propre, C\u00e9cile welcomes you to her g\u00eetes. With room for dozens of people, the entire space is reserved for you, and you can also enjoy a large park and outdoor swimming pool.<\/p>\n\n\t\t<\/div>\n\t<\/div>\n<\/div><\/div><\/div><div class=\"wpb_column vc_column_container vc_col-sm-3\"><div class=\"vc_column-inner\"><div class=\"wpb_wrapper\">\n\t<div  class=\"wpb_single_image wpb_content_element vc_align_left\">\n\t\t\n\t\t<figure class=\"wpb_wrapper vc_figure\">\n\t\t\t<div class=\"vc_single_image-wrapper vc_box_rounded  vc_box_border_grey\"><img decoding=\"async\" class=\"vc_single_image-img\" src=\"https:\/\/www.sudchasse.fr\/wp-content\/uploads\/2024\/03\/2-600x400.jpg\" width=\"600\" height=\"400\" alt=\"Cosy attic room with tropical-themed bedspread, exposed beams and period stone wall, creating a blend of rustic charm and modern comforts for an idyllic hunting break\" title=\"\" loading=\"lazy\" \/><\/div>\n\t\t<\/figure>\n\t<\/div>\n\n\t<div class=\"wpb_text_column wpb_content_element\" >\n\t\t<div class=\"wpb_wrapper\">\n\t\t\t<h2 style=\"text-align: center;\">A-mi chemin Guest House<br \/>\nin B\u00e9arn<\/h2>\n<p style=\"text-align: center;\">Miriam welcomes you all year round in a quiet, authentic setting, but with all the comforts of modern, elegant rooms. You can also sample regional dishes between two approaches to the brocades, all in a warm and friendly atmosphere.<\/p>\n\n\t\t<\/div>\n\t<\/div>\n<\/div><\/div><\/div><div class=\"wpb_column vc_column_container vc_col-sm-3\"><div class=\"vc_column-inner\"><div class=\"wpb_wrapper\">\n\t<div  class=\"wpb_single_image wpb_content_element vc_align_left\">\n\t\t\n\t\t<figure class=\"wpb_wrapper vc_figure\">\n\t\t\t<div class=\"vc_single_image-wrapper vc_box_rounded  vc_box_border_grey\"><img decoding=\"async\" class=\"vc_single_image-img\" src=\"https:\/\/www.sudchasse.fr\/wp-content\/uploads\/2024\/04\/310733524_683751296787451_3794812881492914592_n-600x400.jpg\" width=\"600\" height=\"400\" alt=\"\" title=\"\" loading=\"lazy\" \/><\/div>\n\t\t<\/figure>\n\t<\/div>\n\n\t<div class=\"wpb_text_column wpb_content_element\" >\n\t\t<div class=\"wpb_wrapper\">\n\t\t\t<h2 style=\"text-align: center;\">3-star guest rooms<br \/>\nTo the President in Mirande<\/h2>\n<p style=\"text-align: center;\">In the heart of the Gers, Jacques Piquemil welcomes you to his charming guest rooms classified 3 \u00e9pis. You will appreciate the warm welcome of the owner and benefit from a green and relaxing setting<\/p>\n\n\t\t<\/div>\n\t<\/div>\n<\/div><\/div><\/div><div class=\"wpb_column vc_column_container vc_col-sm-3\"><div class=\"vc_column-inner\"><div class=\"wpb_wrapper\"><\/div><\/div><\/div><\/div>\n<\/div>","protected":false},"excerpt":{"rendered":"\u200bInfos pratiques \u2013 Chasse tous les jours de d\u00e9cembre \u00e0 f\u00e9vrier - D\u00e9partements : 32 - H\u00e9bergement en g\u00eete ou","protected":false},"author":1,"featured_media":0,"parent":0,"menu_order":8,"comment_status":"closed","ping_status":"closed","template":"","meta":{"footnotes":""},"class_list":["post-1094","page","type-page","status-publish","hentry"],"_links":{"self":[{"href":"https:\/\/www.sudchasse.fr\/en\/wp-json\/wp\/v2\/pages\/1094","targetHints":{"allow":["GET"]}}],"collection":[{"href":"https:\/\/www.sudchasse.fr\/en\/wp-json\/wp\/v2\/pages"}],"about":[{"href":"https:\/\/www.sudchasse.fr\/en\/wp-json\/wp\/v2\/types\/page"}],"author":[{"embeddable":true,"href":"https:\/\/www.sudchasse.fr\/en\/wp-json\/wp\/v2\/users\/1"}],"replies":[{"embeddable":true,"href":"https:\/\/www.sudchasse.fr\/en\/wp-json\/wp\/v2\/comments?post=1094"}],"version-history":[{"count":18,"href":"https:\/\/www.sudchasse.fr\/en\/wp-json\/wp\/v2\/pages\/1094\/revisions"}],"predecessor-version":[{"id":1483,"href":"https:\/\/www.sudchasse.fr\/en\/wp-json\/wp\/v2\/pages\/1094\/revisions\/1483"}],"wp:attachment":[{"href":"https:\/\/www.sudchasse.fr\/en\/wp-json\/wp\/v2\/media?parent=1094"}],"curies":[{"name":"wp","href":"https:\/\/api.w.org\/{rel}","templated":true}]}}